{"id":6953,"date":"2024-02-02T11:55:39","date_gmt":"2024-02-02T10:55:39","guid":{"rendered":"https:\/\/www.looloo-services.com\/quienes-somos\/"},"modified":"2024-05-06T12:14:33","modified_gmt":"2024-05-06T10:14:33","slug":"quienes-somos","status":"publish","type":"page","link":"https:\/\/www.looloo-services.com\/es\/quienes-somos\/","title":{"rendered":"\u00bfQui\u00e9nes somos?"},"content":{"rendered":"<div class=\"wpb-content-wrapper\"><p>[vc_row full_width=\u00bbstretch_row\u00bb canvas=\u00bb%5B%5D\u00bb el_class=\u00bbheader-titre-qui-sommes-nous\u00bb css=\u00bb.vc_custom_1706866622607{background-image: url(https:\/\/www.looloo-services.com\/wp-content\/uploads\/2023\/12\/bg-hp-mobilite-truck-looloo4.jpg?id=3063) !important;background-position: center !important;background-repeat: no-repeat !important;background-size: cover !important;}\u00bb][vc_column el_class=\u00bbintro-qui-sommes-nous\u00bb][vc_column_text]<\/p>\n<h1 style=\"text-align: center;\">\u00bfQui\u00e9nes somos?<\/h1>\n<p style=\"text-align: center;\">LooLoo, una marca innovadora, es el resultado de una audaz creaci\u00f3n del taller integrado del Grupo Enygea, reconocido por su experiencia, especialmente en el sector de los eventos a trav\u00e9s de su filial HAPPEE Services.<\/p>\n<p>[\/vc_column_text][\/vc_column][\/vc_row][vc_row full_width=\u00bbstretch_row\u00bb bg_custom=\u00bbrow-full-screen\u00bb bg_direction=\u00bbto bottom\u00bb bg_color_one=\u00bb#ffffff\u00bb bg_color_two=\u00bb#ffffff\u00bb bg_color_percent=\u00bb90%\u00bb canvas=\u00bb%5B%7B%22shape%22%3A%22shape-1%22%2C%22image_effect%22%3A%22style-1%22%2C%22smoothness%22%3A%2230%22%7D%5D\u00bb el_id=\u00bbbloc-module-photo-gauche-page-module\u00bb el_class=\u00bbbloc-module-photo-droite-page-module\u00bb][vc_column el_class=\u00bbcolonne-bloc-module-photo-droite-page-module\u00bb]<div class=\"deeper-spacer clearfix\" data-config='{\"desktop\":30,\"mobile\":30,\"smobile\":50}'><\/div>[vc_row_inner el_class=\u00bbrangee-colonne-bloc-module-photo-droite-page-module\u00bb][vc_column_inner el_class=\u00bbcolonne-texte-rangee-colonne-bloc-module-photo-droite-page-module colonne-texte-rangee-colonne-bloc-module-photo-droite-page-module-qui-sommes-nous\u00bb width=\u00bb1\/2&#8243; offset=\u00bbvc_col-lg-offset-0 vc_col-lg-6 vc_col-md-offset-0 vc_col-md-12&#8243;]<div class=\"deeper-content-box clearfix ctb-815828831 wow fadeInUp\" style=\"\" data-config='{\"padding\":\"0\",\"mobiPadding\":\"0\",\"margin\":\"0\",\"mobiMargin\":\"0\",\"borderStyleHover\":\"solid\"}' data-wow-duration=\"0.75s\" data-wow-delay=\"0.3s\">\n\t\t\t\t\t<div class=\"inner \" style=\"\">\n\t\t\t\t\t\t<div class=\"deeper-text align-left \" style=\"\" ><h2 style=\"text-align: left;\">Filial del grupo Enygea<\/h2>\n<span>Fundada en 2007 por Herv\u00e9 Montagne, nuestra empresa independiente ETI ENYGEA se ha convertido en una referencia en el alquiler BtoB. Nuestro deseo de satisfacer a nuestros clientes con soluciones llave en mano de alta calidad nos ha llevado a lo largo de los a\u00f1os a crear filiales complementarias en el sector de la higiene, cada una con experiencia en su propio mercado y trabajando en sinergia con las dem\u00e1s.<\/span>\n<\/div><div class=\"deeper-spacer clearfix\" data-config='{\"desktop\":15,\"mobile\":15,\"smobile\":15}'><\/div><h2 class=\"deeper-text align-center \" style=\"\" ><h2>La innovaci\u00f3n forma parte de nuestro ADN.<\/h2>\n<span>Nuestras dos principales \u00e1reas de especializaci\u00f3n son las obras y los eventos. Escuchamos a nuestros clientes y nos preocupamos por el bienestar de nuestros equipos, y aplicamos una pol\u00edtica transparente y participativa, tanto interna como externa, que nos permite seguir evolucionando.<\/span>\n<\/h2><div class=\"url-wrap  align-left btn-border\" >\n\t\t\t\t\t\t<a class=\"deeper-button custom medium btn-2124474319\" style=\"\" href=https:\/\/www.enygea.com\/es\/ target=_blank data-config='{\"color\":\"#191919\",\"bg\":\"rgba(238,238,238,0.01)\",\"margin\":\"35px 0 0\",\"rounded\":\"5px\",\"border\":\"2px solid #c0b675\",\"borderHover\":\"2px solid #c0b675\",\"colorHover\":\"#ffffff\",\"bgHover\":\"#c0b675\"}'>Descubrir Enygea<span class=\"hover-effect\"><\/span><\/a>\n\t\t\t\t\t<\/div>\n\t\t\t\t\t<\/div>\n\t\t\t\t\t\n\t\t\t\t<\/div>[\/vc_column_inner][vc_column_inner el_class=\u00bbcolonne-img-rangee-colonne-bloc-module-photo-droite-page-module colonne-img-rangee-colonne-bloc-module-photo-droite-page-module-qui-sommes-nous-1&#8243; width=\u00bb1\/2&#8243; offset=\u00bbvc_col-lg-offset-0 vc_col-lg-6 vc_col-md-offset-0 vc_col-md-12 vc_col-sm-offset-0&#8243;]<div class=\"deeper-parallax-box \"><div class=\"parallax-wrap\"><div class=\" wow fadeInDown\"  data-wow-duration=\"0.75s\" data-wow-delay=\"0.3s\">\n\t\t\t\t\t\t<div class=\"deeper-parallax-item  has-width\" style=\"left:50px;left:auto;right:-30px;margin-top:50px;width:90%;border-radius:10px;\" data-parallax='{ \"x\": 30, \"smoothness\": 30 }' data-top=\"50px\">\n\t\t\t\t\t\t \t<div class=\"inner\">\n\t\t\t\t\t\t \t\t<img decoding=\"async\" class=\"parallax-image\" src=\"https:\/\/www.looloo-services.com\/wp-content\/uploads\/2024\/02\/groupe-enygea-qui-sommes-nous2.png\" alt=\"image\">\n\t\t\t\t\t\t \t<\/div>\n\t\t\t\t\t\t<\/div>\n\t\t\t\t\t<\/div><\/div><\/div>[\/vc_column_inner][\/vc_row_inner]<div class=\"deeper-spacer clearfix\" data-config='{\"desktop\":30,\"mobile\":30,\"smobile\":50}'><\/div>[\/vc_column][\/vc_row][vc_row full_width=\u00bbstretch_row\u00bb bg_custom=\u00bbrow-full-screen\u00bb bg_direction=\u00bbto bottom\u00bb bg_color_one=\u00bb#ffffff\u00bb bg_color_two=\u00bb#222831&#8243; bg_color_percent=\u00bb0%\u00bb canvas=\u00bb%5B%7B%22shape%22%3A%22shape-1%22%2C%22image_effect%22%3A%22style-1%22%2C%22smoothness%22%3A%2230%22%7D%5D\u00bb el_class=\u00bboverflow-visible bg-custom-3 bloc-module-photo-gauche-page-module bloc-module-photo-gauche-page-module-qui-sommes-nous1&#8243; el_id=\u00bbbloc-module-photo-gauche-page-module\u00bb][vc_column el_id=\u00bbcolonne-bloc-module-photo-gauche-page-module\u00bb el_class=\u00bbcolonne-bloc-module-photo-gauche-page-module\u00bb][vc_row_inner el_class=\u00bbrangee-colonne-bloc-module-photo-gauche-page-module\u00bb el_id=\u00bbrangee-colonne-bloc-module-photo-gauche-page-module\u00bb][vc_column_inner el_class=\u00bbcolonne-img-rangee-colonne-bloc-module-photo-gauche-page-module colonne-img-qui-sommes-nous2&#8243; width=\u00bb1\/2&#8243; offset=\u00bbvc_col-lg-offset-0 vc_col-lg-6 vc_col-md-offset-0 vc_col-md-12&#8243;]<div class=\"deeper-parallax-box \"><div class=\"parallax-wrap\"><div class=\" wow fadeInDown\"  data-wow-duration=\"0.75s\" data-wow-delay=\"0.3s\">\n\t\t\t\t\t\t<div class=\"deeper-parallax-item  has-width\" style=\"left:30px;left:auto;right:10px;margin-top:50px;width:90%;border-radius:10px;\" data-parallax='{ \"x\": -50, \"smoothness\": 30 }' data-top=\"50px\">\n\t\t\t\t\t\t \t<div class=\"inner\">\n\t\t\t\t\t\t \t\t<img decoding=\"async\" class=\"parallax-image\" src=\"https:\/\/www.looloo-services.com\/wp-content\/uploads\/2024\/02\/groupe-happee1.jpeg\" alt=\"image\">\n\t\t\t\t\t\t \t<\/div>\n\t\t\t\t\t\t<\/div>\n\t\t\t\t\t<\/div><\/div><\/div>[\/vc_column_inner][vc_column_inner el_class=\u00bbcolonne-texte-rangee-colonne-bloc-module-photo-gauche-page-module colonne-texte-rangee-colonne-bloc-module-photo-gauche-page-module-qui-sommes-nous colonne-txt-qui-sommes-nous2&#8243; width=\u00bb1\/2&#8243; offset=\u00bbvc_col-lg-offset-0 vc_col-lg-6 vc_col-md-offset-0 vc_col-md-12&#8243; el_id=\u00bbcolonne-texte-rangee-colonne-bloc-module-photo-gauche-page-module\u00bb]<div class=\"deeper-content-box clearfix ctb-1679637683 wow fadeInUp\" style=\"\" data-config='{\"padding\":\"0\",\"mobiPadding\":\"0\",\"margin\":\"0\",\"mobiMargin\":\"0\",\"borderStyleHover\":\"solid\"}' data-wow-duration=\"0.75s\" data-wow-delay=\"0.3s\">\n\t\t\t\t\t<div class=\"inner \" style=\"\">\n\t\t\t\t\t\t<div class=\"deeper-text align-left \" style=\"color:#ffffff;\" ><h2 style=\"text-align: left;\">Expertos en gesti\u00f3n de eventos gracias a nuestro socio HAPPEE Services<\/h2>\n<p style=\"text-align: left;\">Fundada en 1962, HAPPEE Services, filial del mismo grupo, es la referencia en equipamiento sanitario en el mercado de eventos. Ferias, exposiciones, festivales, eventos deportivos, desfiles de moda&#8230; En la actualidad, HAPPEE Services cuenta con 10 l\u00edneas de negocio y m\u00e1s de 30 empleados: comerciales, jefes de operaciones, jefes de mantenimiento, limpiadores de ripper, jefes de taller, conductores&#8230; Descubra nuestra completa gama de instalaciones sanitarias, basada principalmente en innovaciones (urinarios para mujeres, inodoros ecol\u00f3gicos, caravanas de prestigio) y en la experiencia de nuestro fabricante integrado SWITTEC.<\/span>\n<\/div>\n\t\t\t\t\t<\/div>\n\t\t\t\t\t\n\t\t\t\t<\/div><div class=\"deeper-spacer clearfix\" data-config='{\"desktop\":15,\"mobile\":15,\"smobile\":15}'><\/div><div class=\"url-wrap  align-left btn-border\" >\n\t\t\t\t\t\t<a class=\"deeper-button custom medium btn-300002565\" style=\"\" href=https:\/\/www.happee-services.com\/ target=_blank title=&quot;Contactez-nous&quot; data-config='{\"color\":\"#ffffff\",\"bg\":\"rgba(238,238,238,0.01)\",\"margin\":\"20px 0\",\"rounded\":\"5px\",\"border\":\"2px solid #c0b675\",\"borderHover\":\"2px solid #c0b675\",\"colorHover\":\"#ffffff\",\"bgHover\":\"#c0b675\"}'>Descubrir Happee Services<span class=\"hover-effect\"><\/span><\/a>\n\t\t\t\t\t<\/div>[\/vc_column_inner][\/vc_row_inner][\/vc_column][\/vc_row][vc_row full_width=\u00bbstretch_row\u00bb bg_custom=\u00bbrow-full-screen\u00bb bg_direction=\u00bbto bottom\u00bb bg_color_one=\u00bb#ffffff\u00bb bg_color_two=\u00bb#ffffff\u00bb bg_color_percent=\u00bb90%\u00bb canvas=\u00bb%5B%7B%22shape%22%3A%22shape-1%22%2C%22image_effect%22%3A%22style-1%22%2C%22smoothness%22%3A%2230%22%7D%5D\u00bb el_class=\u00bbbloc-module-photo-droite-page-module bloc-module-photo-droite-page-module-qui-sommes-nous2&#8243; el_id=\u00bbbloc-module-photo-gauche-page-module\u00bb][vc_column el_class=\u00bbcolonne-bloc-module-photo-droite-page-module\u00bb]<div class=\"deeper-spacer clearfix\" data-config='{\"desktop\":30,\"mobile\":30,\"smobile\":50}'><\/div>[vc_row_inner el_class=\u00bbrangee-colonne-bloc-module-photo-droite-page-module\u00bb][vc_column_inner el_class=\u00bbcolonne-texte-rangee-colonne-bloc-module-photo-droite-page-module colonne-texte-rangee-colonne-bloc-module-photo-droite-page-module-qui-sommes-nous\u00bb width=\u00bb1\/2&#8243; offset=\u00bbvc_col-lg-offset-0 vc_col-lg-6 vc_col-md-offset-0 vc_col-md-12&#8243;]<div class=\"deeper-content-box clearfix ctb-762674915 wow fadeInUp\" style=\"\" data-config='{\"padding\":\"0\",\"mobiPadding\":\"0\",\"margin\":\"0\",\"mobiMargin\":\"0\",\"borderStyleHover\":\"solid\"}' data-wow-duration=\"0.75s\" data-wow-delay=\"0.3s\">\n\t\t\t\t\t<div class=\"inner \" style=\"\">\n\t\t\t\t\t\t<div class=\"deeper-text align-left \" style=\"\" ><h2>LooLoo: el grupo integra la fabricaci\u00f3n francesa<\/h2>\n<span>SWITTEC, el taller integrado del Grupo ENYGEA, es un importante centro de innovaci\u00f3n dedicado al dise\u00f1o y la fabricaci\u00f3n de una amplia gama de equipos sanitarios y medioambientales. En este taller, un equipo especializado trabaja en la creaci\u00f3n de productos innovadores como aseos secos, aseos p\u00fablicos, urinarios especiales, rampas para lavamanos y camiones de vaciado y limpieza.<\/span>\n<\/div><div class=\"deeper-spacer clearfix\" data-config='{\"desktop\":15,\"mobile\":15,\"smobile\":15}'><\/div><div class=\"deeper-text align-left \" style=\"\" ><h2>LooLoo: un sorprendente ejemplo de experiencia local<\/h2>\n<span>Con su oficina de dise\u00f1o interna, SWITTEC destaca por su compromiso con el dise\u00f1o de soluciones eficientes y sostenibles. El m\u00f3dulo LooLoo, dise\u00f1ado \u00edntegramente de la A a la Z por SWITTEC, es un sorprendente ejemplo del saber hacer local, que luce con orgullo la etiqueta \u00abmade in France\u00bb. Adem\u00e1s, el LooLoo Truck, fruto de una amplia colaboraci\u00f3n t\u00e9cnica y de dise\u00f1o con SWITTEC, refleja el enfoque innovador del taller en el desarrollo de soluciones sanitarias avanzadas.<\/span>\n<\/div><div class=\"url-wrap  align-left btn-border\" >\n\t\t\t\t\t\t<a class=\"deeper-button custom medium btn-1187779281\" style=\"\" href=https:\/\/www.enygea.com\/es\/marcas-enygea\/swittec\/ target=_blank data-config='{\"color\":\"#191919\",\"bg\":\"rgba(238,238,238,0.01)\",\"margin\":\"35px 0 0\",\"rounded\":\"5px\",\"border\":\"2px solid #c0b675\",\"borderHover\":\"2px solid #c0b675\",\"colorHover\":\"#ffffff\",\"bgHover\":\"#c0b675\"}'>Descubrir Swittec<span class=\"hover-effect\"><\/span><\/a>\n\t\t\t\t\t<\/div>\n\t\t\t\t\t<\/div>\n\t\t\t\t\t\n\t\t\t\t<\/div>[\/vc_column_inner][vc_column_inner el_class=\u00bbcolonne-3-qui-sommes-nous\u00bb width=\u00bb1\/2&#8243; offset=\u00bbvc_col-lg-offset-0 vc_col-lg-6 vc_col-md-offset-0 vc_col-md-12&#8243;]<div class=\"deeper-parallax-box \"><div class=\"parallax-wrap\"><div class=\" wow fadeInDown\"  data-wow-duration=\"0.75s\" data-wow-delay=\"0.3s\">\n\t\t\t\t\t\t<div class=\"deeper-parallax-item  has-width\" style=\"left:50px;left:auto;right:-30px;margin-top:30px;width:100%;border-radius:10px;\" data-parallax='{ \"x\": 30, \"smoothness\": 30 }' data-top=\"30px\">\n\t\t\t\t\t\t \t<div class=\"inner\">\n\t\t\t\t\t\t \t\t<img decoding=\"async\" class=\"parallax-image\" src=\"https:\/\/www.looloo-services.com\/wp-content\/uploads\/2024\/02\/groupe-swittec1.jpeg\" alt=\"image\">\n\t\t\t\t\t\t \t<\/div>\n\t\t\t\t\t\t<\/div>\n\t\t\t\t\t<\/div><\/div><\/div>[\/vc_column_inner][\/vc_row_inner]<div class=\"deeper-spacer clearfix\" data-config='{\"desktop\":30,\"mobile\":30,\"smobile\":50}'><\/div>[\/vc_column][\/vc_row]<\/p>\n<\/div>","protected":false},"excerpt":{"rendered":"<p>[vc_row full_width=\u00bbstretch_row\u00bb canvas=\u00bb%5B%5D\u00bb el_class=\u00bbheader-titre-qui-sommes-nous\u00bb css=\u00bb.vc_custom_1706866622607{background-image: url(https:\/\/www.looloo-services.com\/wp-content\/uploads\/2023\/12\/bg-hp-mobilite-truck-looloo4.jpg?id=3063) !important;background-position: center !important;background-repeat: no-repeat !important;background-size: cover !important;}\u00bb][vc_column el_class=\u00bbintro-qui-sommes-nous\u00bb][vc_column_text] \u00bfQui\u00e9nes somos? LooLoo, una marca innovadora, es el resultado de una audaz creaci\u00f3n del taller integrado del Grupo Enygea, reconocido por su experiencia, especialmente en el sector de los eventos a trav\u00e9s de su filial HAPPEE<\/p>\n","protected":false},"author":1,"featured_media":0,"parent":0,"menu_order":0,"comment_status":"closed","ping_status":"closed","template":"","meta":{"footnotes":""},"categories":[],"tags":[],"class_list":["post-6953","page","type-page","status-publish","hentry"],"yoast_head":"<!-- This site is optimized with the Yoast SEO plugin v27.5 - https:\/\/yoast.com\/product\/yoast-seo-wordpress\/ -->\n<title>\u00bfQUI\u00c9NES SOMOS? : LooLoo Services<\/title>\n<meta name=\"robots\" content=\"index, follow, max-snippet:-1, max-image-preview:large, max-video-preview:-1\" \/>\n<link rel=\"canonical\" href=\"https:\/\/www.looloo-services.com\/es\/quienes-somos\/\" \/>\n<meta property=\"og:locale\" content=\"es_ES\" \/>\n<meta property=\"og:type\" content=\"article\" \/>\n<meta property=\"og:title\" content=\"\u00bfQUI\u00c9NES SOMOS? : LooLoo Services\" \/>\n<meta property=\"og:description\" content=\"[vc_row full_width=\u00bbstretch_row\u00bb canvas=\u00bb%5B%5D\u00bb el_class=\u00bbheader-titre-qui-sommes-nous\u00bb css=\u00bb.vc_custom_1706866622607{background-image: url(https:\/\/www.looloo-services.com\/wp-content\/uploads\/2023\/12\/bg-hp-mobilite-truck-looloo4.jpg?id=3063) !important;background-position: center !important;background-repeat: no-repeat !important;background-size: cover !important;}\u00bb][vc_column el_class=\u00bbintro-qui-sommes-nous\u00bb][vc_column_text] \u00bfQui\u00e9nes somos? LooLoo, una marca innovadora, es el resultado de una audaz creaci\u00f3n del taller integrado del Grupo Enygea, reconocido por su experiencia, especialmente en el sector de los eventos a trav\u00e9s de su filial HAPPEE\" \/>\n<meta property=\"og:url\" content=\"https:\/\/www.looloo-services.com\/es\/quienes-somos\/\" \/>\n<meta property=\"og:site_name\" content=\"LOOLOO SERVICES\" \/>\n<meta property=\"article:modified_time\" content=\"2024-05-06T10:14:33+00:00\" \/>\n<meta name=\"twitter:card\" content=\"summary_large_image\" \/>\n<meta name=\"twitter:label1\" content=\"Tiempo de lectura\" \/>\n\t<meta name=\"twitter:data1\" content=\"4 minutos\" \/>\n<script type=\"application\/ld+json\" class=\"yoast-schema-graph\">{\"@context\":\"https:\\\/\\\/schema.org\",\"@graph\":[{\"@type\":\"WebPage\",\"@id\":\"https:\\\/\\\/www.looloo-services.com\\\/es\\\/quienes-somos\\\/\",\"url\":\"https:\\\/\\\/www.looloo-services.com\\\/es\\\/quienes-somos\\\/\",\"name\":\"\u00bfQUI\u00c9NES SOMOS? : LooLoo Services\",\"isPartOf\":{\"@id\":\"https:\\\/\\\/www.looloo-services.com\\\/es\\\/#website\"},\"datePublished\":\"2024-02-02T10:55:39+00:00\",\"dateModified\":\"2024-05-06T10:14:33+00:00\",\"inLanguage\":\"es\",\"potentialAction\":[{\"@type\":\"ReadAction\",\"target\":[\"https:\\\/\\\/www.looloo-services.com\\\/es\\\/quienes-somos\\\/\"]}]},{\"@type\":\"WebSite\",\"@id\":\"https:\\\/\\\/www.looloo-services.com\\\/es\\\/#website\",\"url\":\"https:\\\/\\\/www.looloo-services.com\\\/es\\\/\",\"name\":\"LOOLOO SERVICES\",\"description\":\"\",\"publisher\":{\"@id\":\"https:\\\/\\\/www.looloo-services.com\\\/es\\\/#organization\"},\"potentialAction\":[{\"@type\":\"SearchAction\",\"target\":{\"@type\":\"EntryPoint\",\"urlTemplate\":\"https:\\\/\\\/www.looloo-services.com\\\/es\\\/?s={search_term_string}\"},\"query-input\":{\"@type\":\"PropertyValueSpecification\",\"valueRequired\":true,\"valueName\":\"search_term_string\"}}],\"inLanguage\":\"es\"},{\"@type\":\"Organization\",\"@id\":\"https:\\\/\\\/www.looloo-services.com\\\/es\\\/#organization\",\"name\":\"LOOLOO SERVICES\",\"url\":\"https:\\\/\\\/www.looloo-services.com\\\/es\\\/\",\"logo\":{\"@type\":\"ImageObject\",\"inLanguage\":\"es\",\"@id\":\"https:\\\/\\\/www.looloo-services.com\\\/es\\\/#\\\/schema\\\/logo\\\/image\\\/\",\"url\":\"\",\"contentUrl\":\"\",\"caption\":\"LOOLOO SERVICES\"},\"image\":{\"@id\":\"https:\\\/\\\/www.looloo-services.com\\\/es\\\/#\\\/schema\\\/logo\\\/image\\\/\"}}]}<\/script>\n<!-- \/ Yoast SEO plugin. -->","yoast_head_json":{"title":"\u00bfQUI\u00c9NES SOMOS? : LooLoo Services","robots":{"index":"index","follow":"follow","max-snippet":"max-snippet:-1","max-image-preview":"max-image-preview:large","max-video-preview":"max-video-preview:-1"},"canonical":"https:\/\/www.looloo-services.com\/es\/quienes-somos\/","og_locale":"es_ES","og_type":"article","og_title":"\u00bfQUI\u00c9NES SOMOS? : LooLoo Services","og_description":"[vc_row full_width=\u00bbstretch_row\u00bb canvas=\u00bb%5B%5D\u00bb el_class=\u00bbheader-titre-qui-sommes-nous\u00bb css=\u00bb.vc_custom_1706866622607{background-image: url(https:\/\/www.looloo-services.com\/wp-content\/uploads\/2023\/12\/bg-hp-mobilite-truck-looloo4.jpg?id=3063) !important;background-position: center !important;background-repeat: no-repeat !important;background-size: cover !important;}\u00bb][vc_column el_class=\u00bbintro-qui-sommes-nous\u00bb][vc_column_text] \u00bfQui\u00e9nes somos? LooLoo, una marca innovadora, es el resultado de una audaz creaci\u00f3n del taller integrado del Grupo Enygea, reconocido por su experiencia, especialmente en el sector de los eventos a trav\u00e9s de su filial HAPPEE","og_url":"https:\/\/www.looloo-services.com\/es\/quienes-somos\/","og_site_name":"LOOLOO SERVICES","article_modified_time":"2024-05-06T10:14:33+00:00","twitter_card":"summary_large_image","twitter_misc":{"Tiempo de lectura":"4 minutos"},"schema":{"@context":"https:\/\/schema.org","@graph":[{"@type":"WebPage","@id":"https:\/\/www.looloo-services.com\/es\/quienes-somos\/","url":"https:\/\/www.looloo-services.com\/es\/quienes-somos\/","name":"\u00bfQUI\u00c9NES SOMOS? : LooLoo Services","isPartOf":{"@id":"https:\/\/www.looloo-services.com\/es\/#website"},"datePublished":"2024-02-02T10:55:39+00:00","dateModified":"2024-05-06T10:14:33+00:00","inLanguage":"es","potentialAction":[{"@type":"ReadAction","target":["https:\/\/www.looloo-services.com\/es\/quienes-somos\/"]}]},{"@type":"WebSite","@id":"https:\/\/www.looloo-services.com\/es\/#website","url":"https:\/\/www.looloo-services.com\/es\/","name":"LOOLOO SERVICES","description":"","publisher":{"@id":"https:\/\/www.looloo-services.com\/es\/#organization"},"potentialAction":[{"@type":"SearchAction","target":{"@type":"EntryPoint","urlTemplate":"https:\/\/www.looloo-services.com\/es\/?s={search_term_string}"},"query-input":{"@type":"PropertyValueSpecification","valueRequired":true,"valueName":"search_term_string"}}],"inLanguage":"es"},{"@type":"Organization","@id":"https:\/\/www.looloo-services.com\/es\/#organization","name":"LOOLOO SERVICES","url":"https:\/\/www.looloo-services.com\/es\/","logo":{"@type":"ImageObject","inLanguage":"es","@id":"https:\/\/www.looloo-services.com\/es\/#\/schema\/logo\/image\/","url":"","contentUrl":"","caption":"LOOLOO SERVICES"},"image":{"@id":"https:\/\/www.looloo-services.com\/es\/#\/schema\/logo\/image\/"}}]}},"_links":{"self":[{"href":"https:\/\/www.looloo-services.com\/es\/wp-json\/wp\/v2\/pages\/6953","targetHints":{"allow":["GET"]}}],"collection":[{"href":"https:\/\/www.looloo-services.com\/es\/wp-json\/wp\/v2\/pages"}],"about":[{"href":"https:\/\/www.looloo-services.com\/es\/wp-json\/wp\/v2\/types\/page"}],"author":[{"embeddable":true,"href":"https:\/\/www.looloo-services.com\/es\/wp-json\/wp\/v2\/users\/1"}],"replies":[{"embeddable":true,"href":"https:\/\/www.looloo-services.com\/es\/wp-json\/wp\/v2\/comments?post=6953"}],"version-history":[{"count":9,"href":"https:\/\/www.looloo-services.com\/es\/wp-json\/wp\/v2\/pages\/6953\/revisions"}],"predecessor-version":[{"id":7330,"href":"https:\/\/www.looloo-services.com\/es\/wp-json\/wp\/v2\/pages\/6953\/revisions\/7330"}],"wp:attachment":[{"href":"https:\/\/www.looloo-services.com\/es\/wp-json\/wp\/v2\/media?parent=6953"}],"wp:term":[{"taxonomy":"category","embeddable":true,"href":"https:\/\/www.looloo-services.com\/es\/wp-json\/wp\/v2\/categories?post=6953"},{"taxonomy":"post_tag","embeddable":true,"href":"https:\/\/www.looloo-services.com\/es\/wp-json\/wp\/v2\/tags?post=6953"}],"curies":[{"name":"wp","href":"https:\/\/api.w.org\/{rel}","templated":true}]}}