{"id":6972,"date":"2024-02-29T11:50:07","date_gmt":"2024-02-29T10:50:07","guid":{"rendered":"https:\/\/www.looloo-services.com\/informacion-juridica\/"},"modified":"2024-03-04T14:30:07","modified_gmt":"2024-03-04T13:30:07","slug":"informacion-juridica","status":"publish","type":"page","link":"https:\/\/www.looloo-services.com\/es\/informacion-juridica\/","title":{"rendered":"Informaci\u00f3n jur\u00eddica"},"content":{"rendered":"<div class=\"wpb-content-wrapper\"><p>[vc_row full_width=\u00bbstretch_row\u00bb canvas=\u00bb%5B%5D\u00bb el_class=\u00bbheader-titre-qui-sommes-nous\u00bb css=\u00bb.vc_custom_1706866622607{background-image: url(https:\/\/www.looloo-services.com\/wp-content\/uploads\/2023\/12\/bg-hp-mobilite-truck-looloo4.jpg?id=3063) !important;background-position: center !important;background-repeat: no-repeat !important;background-size: cover !important;}\u00bb][vc_column el_class=\u00bbintro-qui-sommes-nous\u00bb][vc_column_text]<\/p>\n<h1 style=\"text-align: center;\">Informaci\u00f3n jur\u00eddica<\/h1>\n<p>[\/vc_column_text][\/vc_column][\/vc_row][vc_row full_width=\u00bbstretch_row\u00bb bg_custom=\u00bbrow-full-screen\u00bb bg_direction=\u00bbto bottom\u00bb bg_color_one=\u00bb#ffffff\u00bb bg_color_two=\u00bb#ffffff\u00bb bg_color_percent=\u00bb90%\u00bb canvas=\u00bb%5B%7B%22shape%22%3A%22shape-1%22%2C%22image_effect%22%3A%22style-1%22%2C%22smoothness%22%3A%2230%22%7D%5D\u00bb el_id=\u00bbbloc-module-photo-gauche-page-module\u00bb el_class=\u00bbbloc-module-photo-droite-page-module\u00bb][vc_column el_class=\u00bbcolonne-bloc-module-photo-droite-page-module\u00bb]<div class=\"deeper-spacer clearfix\" data-config='{\"desktop\":30,\"mobile\":30,\"smobile\":50}'><\/div>[vc_row_inner el_class=\u00bbrangee-colonne-bloc-module-photo-droite-page-module\u00bb][vc_column_inner el_class=\u00bbcolonne-texte-rangee-colonne-bloc-module-photo-droite-page-module colonne-texte-rangee-colonne-bloc-module-photo-droite-page-module-qui-sommes-nous\u00bb offset=\u00bbvc_col-lg-offset-0 vc_col-lg-12 vc_col-md-offset-0 vc_col-md-12&#8243;]<div class=\"deeper-content-box clearfix ctb-1415698279 wow fadeInUp\" style=\"\" data-config='{\"padding\":\"0\",\"mobiPadding\":\"0\",\"margin\":\"0\",\"mobiMargin\":\"0\",\"borderStyleHover\":\"solid\"}' data-wow-duration=\"0.75s\" data-wow-delay=\"0.3s\">\n\t\t\t\t\t<div class=\"inner \" style=\"\">\n\t\t\t\t\t\t<div class=\"deeper-text align-left \" style=\"\" ><h2>1. Informaci\u00f3n jur\u00eddica<\/h2>\n<span>Propietario del sitio: SAS ENYGEA<br \/>\nDirecci\u00f3n: <strong>Ar\u00e9a, 6 all\u00e9e du Progr\u00e8s &#8211; 59320 Englos<\/strong><br \/>\nTel: +33 320 893400<br \/>\nSIRET: 48336464200031<br \/>\nCapital social: 670.284 euros<br \/>\nDirector de publicaci\u00f3n: <strong>Herv\u00e9 MONTAGNE<\/strong><\/span>\n<\/div><div class=\"deeper-spacer clearfix\" data-config='{\"desktop\":15,\"mobile\":15,\"smobile\":15}'><\/div><div class=\"deeper-text align-left \" style=\"\" ><h2>2. Cr\u00e9ditos<\/h2>\n<span>Dise\u00f1o gr\u00e1fico, desarrollo e integraci\u00f3n : <a href=\"https:\/\/kamelecom.fr\/expertises\/graphisme\/creation-graphique\/\"><br \/>\n<strong>Kam\u00e9l\u00e9Com, expertos en dise\u00f1o gr\u00e1fico en Lille, Norte.<\/strong><br \/>\n<\/a><\/span>\n<span>Alojamiento del sitio: <strong><br \/>\n<a href=\"https:\/\/www.ostin.fr\/\" target=\"_blank\" rel=\"noopener noreferrer\">www.ostin.fr<\/a><br \/>\n<\/strong><\/span>\n<span>Cr\u00e9dito de la foto: <strong>LOOLOO \/ ENYGEA.<\/strong><\/span>\n<span>La mayor\u00eda de las fotograf\u00edas e ilustraciones del sitio web www.looloo-services.com son fotos originales, tomadas durante las sesiones fotogr\u00e1ficas de ENYGEA.<\/span>\n<span><strong>Prohibida su reproducci\u00f3n sin autorizaci\u00f3n.<\/strong><\/span>\n<span>La base jur\u00eddica para el uso y tratamiento de datos personales puede ser :<br \/>\n&#8211; la ejecuci\u00f3n de una relaci\u00f3n comercial o de subcontrataci\u00f3n evidenciada por un acuerdo de pedido;<br \/>\n&#8211; o el cumplimiento de las condiciones de venta y alquiler aplicables;<br \/>\n&#8211; o nuestro inter\u00e9s leg\u00edtimo como arrendador y proveedor de servicios;<br \/>\n&#8211; o los intereses leg\u00edtimos de los interesados;<br \/>\n&#8211; o el cumplimiento de la legislaci\u00f3n aplicable.<br \/>\nTenga en cuenta que podemos completar nuestros datos de clientes con informaci\u00f3n p\u00fablica (por ejemplo, del registro mercantil). Nos gustar\u00eda se\u00f1alar la transferencia de datos de clientes y contactos que se entregar\u00e1n entre diferentes entidades del Grupo ENYGEA. Tambi\u00e9n le notificamos la transferencia de nuestros datos de cliente y contacto a proveedores de servicios de entrega o limpieza.<\/span>\n<\/div><div class=\"deeper-spacer clearfix\" data-config='{\"desktop\":15,\"mobile\":15,\"smobile\":15}'><\/div><div class=\"deeper-text align-left \" style=\"\" ><h2>3. Objetivos y calidad de los contenidos<\/h2>\n<span>El objetivo de este sitio web es informar al p\u00fablico en general y a los profesionales. ENYGEA se esfuerza por ofrecer informaci\u00f3n verificada y de calidad. No obstante, si alguna informaci\u00f3n parece inexacta o contiene un error tipogr\u00e1fico, puede notificarlo al administrador del sitio.<\/span>\n<\/div><div class=\"deeper-spacer clearfix\" data-config='{\"desktop\":15,\"mobile\":15,\"smobile\":15}'><\/div><div class=\"deeper-text align-left \" style=\"\" ><h2>4. Derechos de propiedad intelectual<\/h2>\n<span>El contenido presentado en este sitio est\u00e1 sujeto a la legislaci\u00f3n sobre derechos de autor; en consecuencia, el dise\u00f1o general, los textos, las im\u00e1genes, los conocimientos t\u00e9cnicos y todos los dem\u00e1s elementos que componen la estructura gr\u00e1fica del sitio son propiedad exclusiva del propietario, a excepci\u00f3n de las citas breves que pertenecen a sus respectivos autores y que se han incluido en los t\u00e9rminos del art\u00edculo L. 122-5 del C\u00f3digo franc\u00e9s de la Propiedad Intelectual.<\/span>\n<span>Queda expresamente prohibida la reproducci\u00f3n, incluso parcial, de todo o parte de este sitio (salvo en la medida t\u00e9cnicamente necesaria para su consulta) en cualquier soporte electr\u00f3nico. Cualquier uso del contenido del sitio que contravenga estas disposiciones constituye una infracci\u00f3n en el sentido del art\u00edculo 335-2 del C\u00f3digo de la Propiedad Intelectual franc\u00e9s.<\/span>\n<\/div>\n\t\t\t\t\t<\/div>\n\t\t\t\t\t\n\t\t\t\t<\/div>[\/vc_column_inner][\/vc_row_inner]<div class=\"deeper-spacer clearfix\" data-config='{\"desktop\":30,\"mobile\":30,\"smobile\":50}'><\/div>[\/vc_column][\/vc_row]<\/p>\n<\/div>","protected":false},"excerpt":{"rendered":"<p>[vc_row full_width=\u00bbstretch_row\u00bb canvas=\u00bb%5B%5D\u00bb el_class=\u00bbheader-titre-qui-sommes-nous\u00bb css=\u00bb.vc_custom_1706866622607{background-image: url(https:\/\/www.looloo-services.com\/wp-content\/uploads\/2023\/12\/bg-hp-mobilite-truck-looloo4.jpg?id=3063) !important;background-position: center !important;background-repeat: no-repeat !important;background-size: cover !important;}\u00bb][vc_column el_class=\u00bbintro-qui-sommes-nous\u00bb][vc_column_text] Informaci\u00f3n jur\u00eddica [\/vc_column_text][\/vc_column][\/vc_row][vc_row full_width=\u00bbstretch_row\u00bb bg_custom=\u00bbrow-full-screen\u00bb bg_direction=\u00bbto bottom\u00bb bg_color_one=\u00bb#ffffff\u00bb bg_color_two=\u00bb#ffffff\u00bb bg_color_percent=\u00bb90%\u00bb canvas=\u00bb%5B%7B%22shape%22%3A%22shape-1%22%2C%22image_effect%22%3A%22style-1%22%2C%22smoothness%22%3A%2230%22%7D%5D\u00bb el_id=\u00bbbloc-module-photo-gauche-page-module\u00bb el_class=\u00bbbloc-module-photo-droite-page-module\u00bb][vc_column el_class=\u00bbcolonne-bloc-module-photo-droite-page-module\u00bb][vc_row_inner el_class=\u00bbrangee-colonne-bloc-module-photo-droite-page-module\u00bb][vc_column_inner el_class=\u00bbcolonne-texte-rangee-colonne-bloc-module-photo-droite-page-module colonne-texte-rangee-colonne-bloc-module-photo-droite-page-module-qui-sommes-nous\u00bb offset=\u00bbvc_col-lg-offset-0 vc_col-lg-12 vc_col-md-offset-0 vc_col-md-12&#8243;][\/vc_column_inner][\/vc_row_inner][\/vc_column][\/vc_row]<\/p>\n","protected":false},"author":1,"featured_media":0,"parent":0,"menu_order":0,"comment_status":"closed","ping_status":"closed","template":"","meta":{"footnotes":""},"categories":[],"tags":[],"class_list":["post-6972","page","type-page","status-publish","hentry"],"yoast_head":"<!-- This site is optimized with the Yoast SEO plugin v27.5 - https:\/\/yoast.com\/product\/yoast-seo-wordpress\/ -->\n<title>Informaci\u00f3n jur\u00eddica : LooLoo Services<\/title>\n<meta name=\"robots\" content=\"noindex, nofollow\" \/>\n<meta property=\"og:locale\" content=\"es_ES\" \/>\n<meta property=\"og:type\" content=\"article\" \/>\n<meta property=\"og:title\" content=\"Informaci\u00f3n jur\u00eddica : LooLoo Services\" \/>\n<meta property=\"og:description\" content=\"[vc_row full_width=\u00bbstretch_row\u00bb canvas=\u00bb%5B%5D\u00bb el_class=\u00bbheader-titre-qui-sommes-nous\u00bb css=\u00bb.vc_custom_1706866622607{background-image: url(https:\/\/www.looloo-services.com\/wp-content\/uploads\/2023\/12\/bg-hp-mobilite-truck-looloo4.jpg?id=3063) !important;background-position: center !important;background-repeat: no-repeat !important;background-size: cover !important;}\u00bb][vc_column el_class=\u00bbintro-qui-sommes-nous\u00bb][vc_column_text] Informaci\u00f3n jur\u00eddica [\/vc_column_text][\/vc_column][\/vc_row][vc_row full_width=\u00bbstretch_row\u00bb bg_custom=\u00bbrow-full-screen\u00bb bg_direction=\u00bbto bottom\u00bb bg_color_one=\u00bb#ffffff\u00bb bg_color_two=\u00bb#ffffff\u00bb bg_color_percent=\u00bb90%\u00bb canvas=\u00bb%5B%7B%22shape%22%3A%22shape-1%22%2C%22image_effect%22%3A%22style-1%22%2C%22smoothness%22%3A%2230%22%7D%5D\u00bb el_id=\u00bbbloc-module-photo-gauche-page-module\u00bb el_class=\u00bbbloc-module-photo-droite-page-module\u00bb][vc_column el_class=\u00bbcolonne-bloc-module-photo-droite-page-module\u00bb][vc_row_inner el_class=\u00bbrangee-colonne-bloc-module-photo-droite-page-module\u00bb][vc_column_inner el_class=\u00bbcolonne-texte-rangee-colonne-bloc-module-photo-droite-page-module colonne-texte-rangee-colonne-bloc-module-photo-droite-page-module-qui-sommes-nous\u00bb offset=\u00bbvc_col-lg-offset-0 vc_col-lg-12 vc_col-md-offset-0 vc_col-md-12&#8243;][\/vc_column_inner][\/vc_row_inner][\/vc_column][\/vc_row]\" \/>\n<meta property=\"og:url\" content=\"https:\/\/www.looloo-services.com\/es\/informacion-juridica\/\" \/>\n<meta property=\"og:site_name\" content=\"LOOLOO SERVICES\" \/>\n<meta property=\"article:modified_time\" content=\"2024-03-04T13:30:07+00:00\" \/>\n<meta name=\"twitter:card\" content=\"summary_large_image\" \/>\n<meta name=\"twitter:label1\" content=\"Tiempo de lectura\" \/>\n\t<meta name=\"twitter:data1\" content=\"3 minutos\" \/>\n<script type=\"application\/ld+json\" class=\"yoast-schema-graph\">{\"@context\":\"https:\\\/\\\/schema.org\",\"@graph\":[{\"@type\":\"WebPage\",\"@id\":\"https:\\\/\\\/www.looloo-services.com\\\/es\\\/informacion-juridica\\\/\",\"url\":\"https:\\\/\\\/www.looloo-services.com\\\/es\\\/informacion-juridica\\\/\",\"name\":\"Informaci\u00f3n jur\u00eddica : LooLoo Services\",\"isPartOf\":{\"@id\":\"https:\\\/\\\/www.looloo-services.com\\\/es\\\/#website\"},\"datePublished\":\"2024-02-29T10:50:07+00:00\",\"dateModified\":\"2024-03-04T13:30:07+00:00\",\"inLanguage\":\"es\",\"potentialAction\":[{\"@type\":\"ReadAction\",\"target\":[\"https:\\\/\\\/www.looloo-services.com\\\/es\\\/informacion-juridica\\\/\"]}]},{\"@type\":\"WebSite\",\"@id\":\"https:\\\/\\\/www.looloo-services.com\\\/es\\\/#website\",\"url\":\"https:\\\/\\\/www.looloo-services.com\\\/es\\\/\",\"name\":\"LOOLOO SERVICES\",\"description\":\"\",\"publisher\":{\"@id\":\"https:\\\/\\\/www.looloo-services.com\\\/es\\\/#organization\"},\"potentialAction\":[{\"@type\":\"SearchAction\",\"target\":{\"@type\":\"EntryPoint\",\"urlTemplate\":\"https:\\\/\\\/www.looloo-services.com\\\/es\\\/?s={search_term_string}\"},\"query-input\":{\"@type\":\"PropertyValueSpecification\",\"valueRequired\":true,\"valueName\":\"search_term_string\"}}],\"inLanguage\":\"es\"},{\"@type\":\"Organization\",\"@id\":\"https:\\\/\\\/www.looloo-services.com\\\/es\\\/#organization\",\"name\":\"LOOLOO SERVICES\",\"url\":\"https:\\\/\\\/www.looloo-services.com\\\/es\\\/\",\"logo\":{\"@type\":\"ImageObject\",\"inLanguage\":\"es\",\"@id\":\"https:\\\/\\\/www.looloo-services.com\\\/es\\\/#\\\/schema\\\/logo\\\/image\\\/\",\"url\":\"\",\"contentUrl\":\"\",\"caption\":\"LOOLOO SERVICES\"},\"image\":{\"@id\":\"https:\\\/\\\/www.looloo-services.com\\\/es\\\/#\\\/schema\\\/logo\\\/image\\\/\"}}]}<\/script>\n<!-- \/ Yoast SEO plugin. -->","yoast_head_json":{"title":"Informaci\u00f3n jur\u00eddica : LooLoo Services","robots":{"index":"noindex","follow":"nofollow"},"og_locale":"es_ES","og_type":"article","og_title":"Informaci\u00f3n jur\u00eddica : LooLoo Services","og_description":"[vc_row full_width=\u00bbstretch_row\u00bb canvas=\u00bb%5B%5D\u00bb el_class=\u00bbheader-titre-qui-sommes-nous\u00bb css=\u00bb.vc_custom_1706866622607{background-image: url(https:\/\/www.looloo-services.com\/wp-content\/uploads\/2023\/12\/bg-hp-mobilite-truck-looloo4.jpg?id=3063) !important;background-position: center !important;background-repeat: no-repeat !important;background-size: cover !important;}\u00bb][vc_column el_class=\u00bbintro-qui-sommes-nous\u00bb][vc_column_text] Informaci\u00f3n jur\u00eddica [\/vc_column_text][\/vc_column][\/vc_row][vc_row full_width=\u00bbstretch_row\u00bb bg_custom=\u00bbrow-full-screen\u00bb bg_direction=\u00bbto bottom\u00bb bg_color_one=\u00bb#ffffff\u00bb bg_color_two=\u00bb#ffffff\u00bb bg_color_percent=\u00bb90%\u00bb canvas=\u00bb%5B%7B%22shape%22%3A%22shape-1%22%2C%22image_effect%22%3A%22style-1%22%2C%22smoothness%22%3A%2230%22%7D%5D\u00bb el_id=\u00bbbloc-module-photo-gauche-page-module\u00bb el_class=\u00bbbloc-module-photo-droite-page-module\u00bb][vc_column el_class=\u00bbcolonne-bloc-module-photo-droite-page-module\u00bb][vc_row_inner el_class=\u00bbrangee-colonne-bloc-module-photo-droite-page-module\u00bb][vc_column_inner el_class=\u00bbcolonne-texte-rangee-colonne-bloc-module-photo-droite-page-module colonne-texte-rangee-colonne-bloc-module-photo-droite-page-module-qui-sommes-nous\u00bb offset=\u00bbvc_col-lg-offset-0 vc_col-lg-12 vc_col-md-offset-0 vc_col-md-12&#8243;][\/vc_column_inner][\/vc_row_inner][\/vc_column][\/vc_row]","og_url":"https:\/\/www.looloo-services.com\/es\/informacion-juridica\/","og_site_name":"LOOLOO SERVICES","article_modified_time":"2024-03-04T13:30:07+00:00","twitter_card":"summary_large_image","twitter_misc":{"Tiempo de lectura":"3 minutos"},"schema":{"@context":"https:\/\/schema.org","@graph":[{"@type":"WebPage","@id":"https:\/\/www.looloo-services.com\/es\/informacion-juridica\/","url":"https:\/\/www.looloo-services.com\/es\/informacion-juridica\/","name":"Informaci\u00f3n jur\u00eddica : LooLoo Services","isPartOf":{"@id":"https:\/\/www.looloo-services.com\/es\/#website"},"datePublished":"2024-02-29T10:50:07+00:00","dateModified":"2024-03-04T13:30:07+00:00","inLanguage":"es","potentialAction":[{"@type":"ReadAction","target":["https:\/\/www.looloo-services.com\/es\/informacion-juridica\/"]}]},{"@type":"WebSite","@id":"https:\/\/www.looloo-services.com\/es\/#website","url":"https:\/\/www.looloo-services.com\/es\/","name":"LOOLOO SERVICES","description":"","publisher":{"@id":"https:\/\/www.looloo-services.com\/es\/#organization"},"potentialAction":[{"@type":"SearchAction","target":{"@type":"EntryPoint","urlTemplate":"https:\/\/www.looloo-services.com\/es\/?s={search_term_string}"},"query-input":{"@type":"PropertyValueSpecification","valueRequired":true,"valueName":"search_term_string"}}],"inLanguage":"es"},{"@type":"Organization","@id":"https:\/\/www.looloo-services.com\/es\/#organization","name":"LOOLOO SERVICES","url":"https:\/\/www.looloo-services.com\/es\/","logo":{"@type":"ImageObject","inLanguage":"es","@id":"https:\/\/www.looloo-services.com\/es\/#\/schema\/logo\/image\/","url":"","contentUrl":"","caption":"LOOLOO SERVICES"},"image":{"@id":"https:\/\/www.looloo-services.com\/es\/#\/schema\/logo\/image\/"}}]}},"_links":{"self":[{"href":"https:\/\/www.looloo-services.com\/es\/wp-json\/wp\/v2\/pages\/6972","targetHints":{"allow":["GET"]}}],"collection":[{"href":"https:\/\/www.looloo-services.com\/es\/wp-json\/wp\/v2\/pages"}],"about":[{"href":"https:\/\/www.looloo-services.com\/es\/wp-json\/wp\/v2\/types\/page"}],"author":[{"embeddable":true,"href":"https:\/\/www.looloo-services.com\/es\/wp-json\/wp\/v2\/users\/1"}],"replies":[{"embeddable":true,"href":"https:\/\/www.looloo-services.com\/es\/wp-json\/wp\/v2\/comments?post=6972"}],"version-history":[{"count":7,"href":"https:\/\/www.looloo-services.com\/es\/wp-json\/wp\/v2\/pages\/6972\/revisions"}],"predecessor-version":[{"id":6977,"href":"https:\/\/www.looloo-services.com\/es\/wp-json\/wp\/v2\/pages\/6972\/revisions\/6977"}],"wp:attachment":[{"href":"https:\/\/www.looloo-services.com\/es\/wp-json\/wp\/v2\/media?parent=6972"}],"wp:term":[{"taxonomy":"category","embeddable":true,"href":"https:\/\/www.looloo-services.com\/es\/wp-json\/wp\/v2\/categories?post=6972"},{"taxonomy":"post_tag","embeddable":true,"href":"https:\/\/www.looloo-services.com\/es\/wp-json\/wp\/v2\/tags?post=6972"}],"curies":[{"name":"wp","href":"https:\/\/api.w.org\/{rel}","templated":true}]}}