{"id":7064,"date":"2024-02-29T11:50:07","date_gmt":"2024-02-29T10:50:07","guid":{"rendered":"https:\/\/www.looloo-services.com\/informazioni-legali\/"},"modified":"2024-03-04T13:54:28","modified_gmt":"2024-03-04T12:54:28","slug":"note-legali","status":"publish","type":"page","link":"https:\/\/www.looloo-services.com\/it\/note-legali\/","title":{"rendered":"Note legali"},"content":{"rendered":"<div class=\"wpb-content-wrapper\"><p>[vc_row full_width=&#8221;stretch_row&#8221; canvas=&#8221;%5B%5D&#8221; el_class=&#8221;header-titre-qui-sommes-nous&#8221; css=&#8221;.vc_custom_1706866622607{background-image: url(https:\/\/www.looloo-services.com\/wp-content\/uploads\/2023\/12\/bg-hp-mobilite-truck-looloo4.jpg?id=3063) !important;background-position: center !important;background-repeat: no-repeat !important;background-size: cover !important;}&#8221;][vc_column el_class=&#8221;intro-qui-sommes-nous&#8221;][vc_column_text]<\/p>\n<h1 style=\"text-align: center;\">Informazioni legali<\/h1>\n<p>[\/vc_column_text][\/vc_column][\/vc_row][vc_row full_width=&#8221;stretch_row&#8221; bg_custom=&#8221;row-full-screen&#8221; bg_direction=&#8221;to bottom&#8221; bg_color_one=&#8221;#ffffff&#8221; bg_color_two=&#8221;#ffffff&#8221; bg_color_percent=&#8221;90%&#8221; canvas=&#8221;%5B%7B%22shape%22%3A%22shape-1%22%2C%22image_effect%22%3A%22style-1%22%2C%22smoothness%22%3A%2230%22%7D%5D&#8221; el_id=&#8221;bloc-module-photo-gauche-page-module&#8221; el_class=&#8221;bloc-module-photo-gauche-page-module&#8221;][vc_column el_class=&#8221;colonne-bloc-module-photo-droite-page-module&#8221;]<div class=\"deeper-spacer clearfix\" data-config='{\"desktop\":30,\"mobile\":30,\"smobile\":50}'><\/div>[vc_row_inner el_class=&#8221;rangee-colonne-bloc-module-photo-droite-page-module&#8221;][vc_column_inner el_class=&#8221;colonne-texte-rangee-colonne-bloc-module-photo-droite-page-module colonne-texte-rangee-colonne-bloc-module-photo-droite-page-module-qui-sommes-nous&#8221; offset=&#8221;vc_col-lg-offset-0 vc_col-lg-12 vc_col-md-offset-0 vc_col-md-12&#8243;]<div class=\"deeper-content-box clearfix ctb-973568066 wow fadeInUp\" style=\"\" data-config='{\"padding\":\"0\",\"mobiPadding\":\"0\",\"margin\":\"0\",\"mobiMargin\":\"0\",\"borderStyleHover\":\"solid\"}' data-wow-duration=\"0.75s\" data-wow-delay=\"0.3s\">\n\t\t\t\t\t<div class=\"inner \" style=\"\">\n\t\t\t\t\t\t<div class=\"deeper-text align-left \" style=\"\" ><h2>1. Informazioni legali<\/h2>\n<span>Proprietario del sito: SAS ENYGEA<br \/>\nIndirizzo: <strong>Ar\u00e9a, 6 all\u00e9e du Progr\u00e8s &#8211; 59320 Englos<\/strong><br \/>\nTel: +33 320 893400<br \/>\nSIRET: 48336464200031<br \/>\nCapitale sociale: 670.284 euro<br \/>\nResponsabile della pubblicazione: <strong>Herv\u00e9 MONTAGNE<\/strong><\/span>\n<\/div><div class=\"deeper-spacer clearfix\" data-config='{\"desktop\":15,\"mobile\":15,\"smobile\":15}'><\/div><div class=\"deeper-text align-left \" style=\"\" ><h2>2. Crediti<\/h2>\n<span>Progettazione grafica, sviluppo e integrazione: <a href=\"https:\/\/kamelecom.fr\/expertises\/graphisme\/creation-graphique\/\"><br \/>\n<strong>Kam\u00e9l\u00e9Com, esperti di progettazione grafica a Lille, Nord.<\/strong><br \/>\n<\/a><\/span>\n<span>Hosting del sito: <strong><br \/>\n<a href=\"https:\/\/www.ostin.fr\/\" target=\"_blank\" rel=\"noopener noreferrer\">www.ostin.fr<\/a><br \/>\n<\/strong><\/span>\n<span>Credito fotografico: <strong>LOOLOO \/ ENYGEA.<\/strong><\/span>\n<span>La maggior parte delle fotografie e delle illustrazioni presenti sul sito www.looloo-services.com sono foto originali, scattate durante i servizi fotografici di ENYGEA.<\/span>\n<span><strong>Riproduzione vietata senza autorizzazione.<\/strong><\/span>\n<span>La base giuridica per l&#8217;utilizzo e il trattamento dei dati personali pu\u00f2 essere :<br \/>\n&#8211; l&#8217;esecuzione di un rapporto commerciale o di subappalto evidenziato da un contratto d&#8217;ordine;<br \/>\n&#8211; o l&#8217;esecuzione dei termini e delle condizioni di vendita e di noleggio applicabili ;<br \/>\n&#8211; o il nostro legittimo interesse in qualit\u00e0 di locatore e fornitore di servizi;<br \/>\n&#8211; o i legittimi interessi delle parti interessate;<br \/>\n&#8211; o l&#8217;applicazione di qualsiasi legislazione applicabile.<br \/>\nSi prega di notare che possiamo integrare i dati dei nostri clienti con informazioni pubbliche (ad esempio, dal registro delle imprese). Desideriamo segnalare il trasferimento dei dati dei clienti e dei contatti da consegnare tra le diverse entit\u00e0 del Gruppo ENYGEA. Vi informiamo inoltre del trasferimento dei nostri dati di cliente e di contatto a fornitori di servizi di consegna o di pulizia.<\/span>\n<\/div><div class=\"deeper-spacer clearfix\" data-config='{\"desktop\":15,\"mobile\":15,\"smobile\":15}'><\/div><div class=\"deeper-text align-left \" style=\"\" ><h2>3. Obiettivi e qualit\u00e0 dei contenuti<\/h2>\n<span>Lo scopo di questo sito web \u00e8 quello di informare il pubblico in generale e i professionisti. ENYGEA si impegna a fornire informazioni di qualit\u00e0 e verificate. Tuttavia, se qualche informazione appare inesatta o contiene un errore tipografico, l&#8217;utente pu\u00f2 comunicarlo all&#8217;amministratore del sito.<\/span>\n<\/div><div class=\"deeper-spacer clearfix\" data-config='{\"desktop\":15,\"mobile\":15,\"smobile\":15}'><\/div><div class=\"deeper-text align-left \" style=\"\" ><h2>4. Diritti di propriet\u00e0 intellettuale<\/h2>\n<span>Il contenuto presentato su questo sito \u00e8 soggetto alla legislazione sul diritto d&#8217;autore; di conseguenza, il design generale, i testi, le immagini, il know-how e tutti gli altri elementi che compongono la struttura grafica del sito sono di propriet\u00e0 esclusiva del proprietario, ad eccezione di brevi citazioni che appartengono ai rispettivi autori e che sono state inserite ai sensi dell&#8217;articolo L. 122-5 del Codice della propriet\u00e0 intellettuale francese.<\/span>\n<span>\u00c8 espressamente vietata la riproduzione, anche parziale, di tutto o parte di questo sito (se non nella misura tecnicamente necessaria per la consultazione) su qualsiasi supporto elettronico. Qualsiasi utilizzo del contenuto del sito in violazione di queste disposizioni costituisce una violazione ai sensi dell&#8217;articolo 335-2 del Codice della Propriet\u00e0 Intellettuale.<\/span>\n<\/div>\n\t\t\t\t\t<\/div>\n\t\t\t\t\t\n\t\t\t\t<\/div>[\/vc_column_inner][\/vc_row_inner]<div class=\"deeper-spacer clearfix\" data-config='{\"desktop\":30,\"mobile\":30,\"smobile\":50}'><\/div>[\/vc_column][\/vc_row]<\/p>\n<\/div>","protected":false},"excerpt":{"rendered":"<p>[vc_row full_width=&#8221;stretch_row&#8221; canvas=&#8221;%5B%5D&#8221; el_class=&#8221;header-titre-qui-sommes-nous&#8221; css=&#8221;.vc_custom_1706866622607{background-image: url(https:\/\/www.looloo-services.com\/wp-content\/uploads\/2023\/12\/bg-hp-mobilite-truck-looloo4.jpg?id=3063) !important;background-position: center !important;background-repeat: no-repeat !important;background-size: cover !important;}&#8221;][vc_column el_class=&#8221;intro-qui-sommes-nous&#8221;][vc_column_text] Informazioni legali [\/vc_column_text][\/vc_column][\/vc_row][vc_row full_width=&#8221;stretch_row&#8221; bg_custom=&#8221;row-full-screen&#8221; bg_direction=&#8221;to bottom&#8221; bg_color_one=&#8221;#ffffff&#8221; bg_color_two=&#8221;#ffffff&#8221; bg_color_percent=&#8221;90%&#8221; canvas=&#8221;%5B%7B%22shape%22%3A%22shape-1%22%2C%22image_effect%22%3A%22style-1%22%2C%22smoothness%22%3A%2230%22%7D%5D&#8221; el_id=&#8221;bloc-module-photo-gauche-page-module&#8221; el_class=&#8221;bloc-module-photo-gauche-page-module&#8221;][vc_column el_class=&#8221;colonne-bloc-module-photo-droite-page-module&#8221;][vc_row_inner el_class=&#8221;rangee-colonne-bloc-module-photo-droite-page-module&#8221;][vc_column_inner el_class=&#8221;colonne-texte-rangee-colonne-bloc-module-photo-droite-page-module colonne-texte-rangee-colonne-bloc-module-photo-droite-page-module-qui-sommes-nous&#8221; offset=&#8221;vc_col-lg-offset-0 vc_col-lg-12 vc_col-md-offset-0 vc_col-md-12&#8243;][\/vc_column_inner][\/vc_row_inner][\/vc_column][\/vc_row]<\/p>\n","protected":false},"author":1,"featured_media":0,"parent":0,"menu_order":0,"comment_status":"closed","ping_status":"closed","template":"","meta":{"footnotes":""},"categories":[],"tags":[],"class_list":["post-7064","page","type-page","status-publish","hentry"],"yoast_head":"<!-- This site is optimized with the Yoast SEO plugin v27.5 - https:\/\/yoast.com\/product\/yoast-seo-wordpress\/ -->\n<title>Note legali : LooLoo Services<\/title>\n<meta name=\"robots\" content=\"noindex, nofollow\" \/>\n<meta property=\"og:locale\" content=\"it_IT\" \/>\n<meta property=\"og:type\" content=\"article\" \/>\n<meta property=\"og:title\" content=\"Note legali : LooLoo Services\" \/>\n<meta property=\"og:description\" content=\"[vc_row full_width=&#8221;stretch_row&#8221; canvas=&#8221;%5B%5D&#8221; el_class=&#8221;header-titre-qui-sommes-nous&#8221; css=&#8221;.vc_custom_1706866622607{background-image: url(https:\/\/www.looloo-services.com\/wp-content\/uploads\/2023\/12\/bg-hp-mobilite-truck-looloo4.jpg?id=3063) !important;background-position: center !important;background-repeat: no-repeat !important;background-size: cover !important;}&#8221;][vc_column el_class=&#8221;intro-qui-sommes-nous&#8221;][vc_column_text] Informazioni legali [\/vc_column_text][\/vc_column][\/vc_row][vc_row full_width=&#8221;stretch_row&#8221; bg_custom=&#8221;row-full-screen&#8221; bg_direction=&#8221;to bottom&#8221; bg_color_one=&#8221;#ffffff&#8221; bg_color_two=&#8221;#ffffff&#8221; bg_color_percent=&#8221;90%&#8221; canvas=&#8221;%5B%7B%22shape%22%3A%22shape-1%22%2C%22image_effect%22%3A%22style-1%22%2C%22smoothness%22%3A%2230%22%7D%5D&#8221; el_id=&#8221;bloc-module-photo-gauche-page-module&#8221; el_class=&#8221;bloc-module-photo-gauche-page-module&#8221;][vc_column el_class=&#8221;colonne-bloc-module-photo-droite-page-module&#8221;][vc_row_inner el_class=&#8221;rangee-colonne-bloc-module-photo-droite-page-module&#8221;][vc_column_inner el_class=&#8221;colonne-texte-rangee-colonne-bloc-module-photo-droite-page-module colonne-texte-rangee-colonne-bloc-module-photo-droite-page-module-qui-sommes-nous&#8221; offset=&#8221;vc_col-lg-offset-0 vc_col-lg-12 vc_col-md-offset-0 vc_col-md-12&#8243;][\/vc_column_inner][\/vc_row_inner][\/vc_column][\/vc_row]\" \/>\n<meta property=\"og:url\" content=\"https:\/\/www.looloo-services.com\/it\/note-legali\/\" \/>\n<meta property=\"og:site_name\" content=\"LOOLOO SERVICES\" \/>\n<meta property=\"article:modified_time\" content=\"2024-03-04T12:54:28+00:00\" \/>\n<meta name=\"twitter:card\" content=\"summary_large_image\" \/>\n<meta name=\"twitter:label1\" content=\"Tempo di lettura stimato\" \/>\n\t<meta name=\"twitter:data1\" content=\"3 minuti\" \/>\n<script type=\"application\/ld+json\" class=\"yoast-schema-graph\">{\"@context\":\"https:\\\/\\\/schema.org\",\"@graph\":[{\"@type\":\"WebPage\",\"@id\":\"https:\\\/\\\/www.looloo-services.com\\\/it\\\/note-legali\\\/\",\"url\":\"https:\\\/\\\/www.looloo-services.com\\\/it\\\/note-legali\\\/\",\"name\":\"Note legali : LooLoo Services\",\"isPartOf\":{\"@id\":\"https:\\\/\\\/www.looloo-services.com\\\/it\\\/#website\"},\"datePublished\":\"2024-02-29T10:50:07+00:00\",\"dateModified\":\"2024-03-04T12:54:28+00:00\",\"inLanguage\":\"it-IT\",\"potentialAction\":[{\"@type\":\"ReadAction\",\"target\":[\"https:\\\/\\\/www.looloo-services.com\\\/it\\\/note-legali\\\/\"]}]},{\"@type\":\"WebSite\",\"@id\":\"https:\\\/\\\/www.looloo-services.com\\\/it\\\/#website\",\"url\":\"https:\\\/\\\/www.looloo-services.com\\\/it\\\/\",\"name\":\"LOOLOO SERVICES\",\"description\":\"\",\"publisher\":{\"@id\":\"https:\\\/\\\/www.looloo-services.com\\\/it\\\/#organization\"},\"potentialAction\":[{\"@type\":\"SearchAction\",\"target\":{\"@type\":\"EntryPoint\",\"urlTemplate\":\"https:\\\/\\\/www.looloo-services.com\\\/it\\\/?s={search_term_string}\"},\"query-input\":{\"@type\":\"PropertyValueSpecification\",\"valueRequired\":true,\"valueName\":\"search_term_string\"}}],\"inLanguage\":\"it-IT\"},{\"@type\":\"Organization\",\"@id\":\"https:\\\/\\\/www.looloo-services.com\\\/it\\\/#organization\",\"name\":\"LOOLOO SERVICES\",\"url\":\"https:\\\/\\\/www.looloo-services.com\\\/it\\\/\",\"logo\":{\"@type\":\"ImageObject\",\"inLanguage\":\"it-IT\",\"@id\":\"https:\\\/\\\/www.looloo-services.com\\\/it\\\/#\\\/schema\\\/logo\\\/image\\\/\",\"url\":\"\",\"contentUrl\":\"\",\"caption\":\"LOOLOO SERVICES\"},\"image\":{\"@id\":\"https:\\\/\\\/www.looloo-services.com\\\/it\\\/#\\\/schema\\\/logo\\\/image\\\/\"}}]}<\/script>\n<!-- \/ Yoast SEO plugin. -->","yoast_head_json":{"title":"Note legali : LooLoo Services","robots":{"index":"noindex","follow":"nofollow"},"og_locale":"it_IT","og_type":"article","og_title":"Note legali : LooLoo Services","og_description":"[vc_row full_width=&#8221;stretch_row&#8221; canvas=&#8221;%5B%5D&#8221; el_class=&#8221;header-titre-qui-sommes-nous&#8221; css=&#8221;.vc_custom_1706866622607{background-image: url(https:\/\/www.looloo-services.com\/wp-content\/uploads\/2023\/12\/bg-hp-mobilite-truck-looloo4.jpg?id=3063) !important;background-position: center !important;background-repeat: no-repeat !important;background-size: cover !important;}&#8221;][vc_column el_class=&#8221;intro-qui-sommes-nous&#8221;][vc_column_text] Informazioni legali [\/vc_column_text][\/vc_column][\/vc_row][vc_row full_width=&#8221;stretch_row&#8221; bg_custom=&#8221;row-full-screen&#8221; bg_direction=&#8221;to bottom&#8221; bg_color_one=&#8221;#ffffff&#8221; bg_color_two=&#8221;#ffffff&#8221; bg_color_percent=&#8221;90%&#8221; canvas=&#8221;%5B%7B%22shape%22%3A%22shape-1%22%2C%22image_effect%22%3A%22style-1%22%2C%22smoothness%22%3A%2230%22%7D%5D&#8221; el_id=&#8221;bloc-module-photo-gauche-page-module&#8221; el_class=&#8221;bloc-module-photo-gauche-page-module&#8221;][vc_column el_class=&#8221;colonne-bloc-module-photo-droite-page-module&#8221;][vc_row_inner el_class=&#8221;rangee-colonne-bloc-module-photo-droite-page-module&#8221;][vc_column_inner el_class=&#8221;colonne-texte-rangee-colonne-bloc-module-photo-droite-page-module colonne-texte-rangee-colonne-bloc-module-photo-droite-page-module-qui-sommes-nous&#8221; offset=&#8221;vc_col-lg-offset-0 vc_col-lg-12 vc_col-md-offset-0 vc_col-md-12&#8243;][\/vc_column_inner][\/vc_row_inner][\/vc_column][\/vc_row]","og_url":"https:\/\/www.looloo-services.com\/it\/note-legali\/","og_site_name":"LOOLOO SERVICES","article_modified_time":"2024-03-04T12:54:28+00:00","twitter_card":"summary_large_image","twitter_misc":{"Tempo di lettura stimato":"3 minuti"},"schema":{"@context":"https:\/\/schema.org","@graph":[{"@type":"WebPage","@id":"https:\/\/www.looloo-services.com\/it\/note-legali\/","url":"https:\/\/www.looloo-services.com\/it\/note-legali\/","name":"Note legali : LooLoo Services","isPartOf":{"@id":"https:\/\/www.looloo-services.com\/it\/#website"},"datePublished":"2024-02-29T10:50:07+00:00","dateModified":"2024-03-04T12:54:28+00:00","inLanguage":"it-IT","potentialAction":[{"@type":"ReadAction","target":["https:\/\/www.looloo-services.com\/it\/note-legali\/"]}]},{"@type":"WebSite","@id":"https:\/\/www.looloo-services.com\/it\/#website","url":"https:\/\/www.looloo-services.com\/it\/","name":"LOOLOO SERVICES","description":"","publisher":{"@id":"https:\/\/www.looloo-services.com\/it\/#organization"},"potentialAction":[{"@type":"SearchAction","target":{"@type":"EntryPoint","urlTemplate":"https:\/\/www.looloo-services.com\/it\/?s={search_term_string}"},"query-input":{"@type":"PropertyValueSpecification","valueRequired":true,"valueName":"search_term_string"}}],"inLanguage":"it-IT"},{"@type":"Organization","@id":"https:\/\/www.looloo-services.com\/it\/#organization","name":"LOOLOO SERVICES","url":"https:\/\/www.looloo-services.com\/it\/","logo":{"@type":"ImageObject","inLanguage":"it-IT","@id":"https:\/\/www.looloo-services.com\/it\/#\/schema\/logo\/image\/","url":"","contentUrl":"","caption":"LOOLOO SERVICES"},"image":{"@id":"https:\/\/www.looloo-services.com\/it\/#\/schema\/logo\/image\/"}}]}},"_links":{"self":[{"href":"https:\/\/www.looloo-services.com\/it\/wp-json\/wp\/v2\/pages\/7064","targetHints":{"allow":["GET"]}}],"collection":[{"href":"https:\/\/www.looloo-services.com\/it\/wp-json\/wp\/v2\/pages"}],"about":[{"href":"https:\/\/www.looloo-services.com\/it\/wp-json\/wp\/v2\/types\/page"}],"author":[{"embeddable":true,"href":"https:\/\/www.looloo-services.com\/it\/wp-json\/wp\/v2\/users\/1"}],"replies":[{"embeddable":true,"href":"https:\/\/www.looloo-services.com\/it\/wp-json\/wp\/v2\/comments?post=7064"}],"version-history":[{"count":6,"href":"https:\/\/www.looloo-services.com\/it\/wp-json\/wp\/v2\/pages\/7064\/revisions"}],"predecessor-version":[{"id":7071,"href":"https:\/\/www.looloo-services.com\/it\/wp-json\/wp\/v2\/pages\/7064\/revisions\/7071"}],"wp:attachment":[{"href":"https:\/\/www.looloo-services.com\/it\/wp-json\/wp\/v2\/media?parent=7064"}],"wp:term":[{"taxonomy":"category","embeddable":true,"href":"https:\/\/www.looloo-services.com\/it\/wp-json\/wp\/v2\/categories?post=7064"},{"taxonomy":"post_tag","embeddable":true,"href":"https:\/\/www.looloo-services.com\/it\/wp-json\/wp\/v2\/tags?post=7064"}],"curies":[{"name":"wp","href":"https:\/\/api.w.org\/{rel}","templated":true}]}}