{"id":7072,"date":"2024-02-29T11:55:56","date_gmt":"2024-02-29T10:55:56","guid":{"rendered":"https:\/\/www.looloo-services.com\/informativa-sulla-privacy\/"},"modified":"2024-03-04T13:57:59","modified_gmt":"2024-03-04T12:57:59","slug":"politica-sulla-privacy","status":"publish","type":"page","link":"https:\/\/www.looloo-services.com\/it\/politica-sulla-privacy\/","title":{"rendered":"Politica sulla privacy"},"content":{"rendered":"<div class=\"wpb-content-wrapper\"><p>[vc_row full_width=&#8221;stretch_row&#8221; canvas=&#8221;%5B%5D&#8221; el_class=&#8221;header-titre-qui-sommes-nous&#8221; css=&#8221;.vc_custom_1706866622607{background-image: url(https:\/\/www.looloo-services.com\/wp-content\/uploads\/2023\/12\/bg-hp-mobilite-truck-looloo4.jpg?id=3063) !important;background-position: center !important;background-repeat: no-repeat !important;background-size: cover !important;}&#8221;][vc_column el_class=&#8221;intro-qui-sommes-nous&#8221;][vc_column_text]<\/p>\n<h1 style=\"text-align: center;\">Informativa sulla privacy<\/h1>\n<p>[\/vc_column_text][\/vc_column][\/vc_row][vc_row full_width=&#8221;stretch_row&#8221; bg_custom=&#8221;row-full-screen&#8221; bg_direction=&#8221;to bottom&#8221; bg_color_one=&#8221;#ffffff&#8221; bg_color_two=&#8221;#ffffff&#8221; bg_color_percent=&#8221;90%&#8221; canvas=&#8221;%5B%7B%22shape%22%3A%22shape-1%22%2C%22image_effect%22%3A%22style-1%22%2C%22smoothness%22%3A%2230%22%7D%5D&#8221; el_id=&#8221;bloc-module-photo-gauche-page-module&#8221; el_class=&#8221;bloc-module-photo-droite-page-module&#8221;][vc_column el_class=&#8221;colonne-bloc-module-photo-droite-page-module&#8221;]<div class=\"deeper-spacer clearfix\" data-config='{\"desktop\":30,\"mobile\":30,\"smobile\":50}'><\/div>[vc_row_inner el_class=&#8221;rangee-colonne-bloc-module-photo-droite-page-module&#8221;][vc_column_inner el_class=&#8221;colonne-texte-rangee-colonne-bloc-module-photo-droite-page-module colonne-texte-rangee-colonne-bloc-module-photo-droite-page-module-qui-sommes-nous&#8221; offset=&#8221;vc_col-lg-offset-0 vc_col-lg-12 vc_col-md-offset-0 vc_col-md-12&#8243;]<div class=\"deeper-content-box clearfix ctb-1013083312 wow fadeInUp\" style=\"\" data-config='{\"padding\":\"0\",\"mobiPadding\":\"0\",\"margin\":\"0\",\"mobiMargin\":\"0\",\"borderStyleHover\":\"solid\"}' data-wow-duration=\"0.75s\" data-wow-delay=\"0.3s\">\n\t\t\t\t\t<div class=\"inner \" style=\"\">\n\t\t\t\t\t\t<div class=\"deeper-text align-left \" style=\"\" ><span>A seguito dell&#8217;entrata in vigore della normativa europea sul RGPD, le entit\u00e0 del Gruppo ENYGEA vi informano in modo trasparente sull&#8217;uso che viene fatto dei vostri dati personali.<\/span>\n<\/div><div class=\"deeper-spacer clearfix\" data-config='{\"desktop\":15,\"mobile\":15,\"smobile\":15}'><\/div><div class=\"deeper-text align-left \" style=\"\" ><h2 style=\"text-align: left;\">1\/ Dati dei prospect, richieste di informazioni, preventivi e call-back<\/h2>\n<span>I dati e le informazioni sui nostri potenziali clienti vengono raccolti e registrati da ENYGEA, WC LOC, HAPPEE SERVICES, MOOV&amp;COOK, WATERLAB, SWITTEC e BASESCLEAN, che sono i comuni titolari del trattamento. Lo scopo della raccolta di queste informazioni (identit\u00e0, dati di contatto, funzione, interesse per una gamma, messaggi e risposte associate) \u00e8 quello di gestire il rapporto con i potenziali clienti (a volte nel contesto di preventivi raggruppati tra diverse entit\u00e0 del Gruppo). Solo il personale del servizio clienti e delle filiali in contatto con i potenziali clienti \u00e8 autorizzato ad accedere ai dati comunicati o registrati. Il periodo massimo di conservazione dei dati \u00e8 fissato a 3 anni dopo la fine del rapporto con il cliente. La base giuridica per l&#8217;utilizzo e l&#8217;elaborazione dei dati personali dei nostri potenziali clienti pu\u00f2 basarsi sul consenso delle parti interessate o sul legittimo interesse dei potenziali clienti o sul nostro legittimo interesse in qualit\u00e0 di locatori di immobili e fornitori di servizi. Desideriamo sottolineare che trasferiamo i dati personali ad altre entit\u00e0 del Gruppo ENYGEA. Vorremmo anche sottolineare che probabilmente arricchiremo i nostri dati sui prospect attraverso database di partner B2B di terze parti e informazioni pubbliche, in particolare dalle reti professionali.<\/span>\n<\/div><div class=\"deeper-spacer clearfix\" data-config='{\"desktop\":15,\"mobile\":15,\"smobile\":15}'><\/div><div class=\"deeper-text align-left \" style=\"\" ><h2>2\/ Dati del cliente e del contatto da fornire<\/h2>\n<span>I dati personali dei nostri acquirenti e noleggiatori, nonch\u00e9 dei loro eventuali interlocutori, sono registrati da ENYGEA o WC LOC o HAPPEE SERVICES o MOOV&amp;COOK o WATERLAB o SWITTEC o BASESCLEAN, che \u00e8 il titolare del trattamento dei dati in base all&#8217;entit\u00e0 che fattura al cliente. Lo scopo di questa raccolta e conservazione dei dati personali (identit\u00e0, dati di contatto, eventuale funzione professionale, cronologia degli ordini e degli scambi commerciali, documenti contabili nominativi, eventuale documentazione assicurativa di supporto) \u00e8 la gestione delle relazioni con i clienti, l&#8217;assistenza ai clienti, l&#8217;esecuzione dei servizi e la relativa fatturazione, nonch\u00e9 l&#8217;ottimizzazione dei mezzi e delle risorse comuni alle entit\u00e0 del Gruppo ENYGEA al fine di fornire i propri servizi. Solo la direzione e il personale a contatto con i clienti hanno accesso ai dati necessari. Il periodo massimo di conservazione dei dati personali \u00e8 fissato a 5 anni dalla fine del servizio per i contatti da consegnare e a 5 anni dalla fine del rapporto commerciale per i dati degli acquirenti, nonch\u00e9 a 10 anni per i documenti contabili nominativi.<br \/>\nLa base giuridica per l&#8217;utilizzo e il trattamento dei dati personali pu\u00f2 essere :<br \/>\n&#8211; l&#8217;esecuzione di un rapporto commerciale o di subappalto evidenziato da un contratto d&#8217;ordine;<br \/>\n&#8211; o l&#8217;esecuzione dei termini e delle condizioni di vendita e di noleggio applicabili ;<br \/>\n&#8211; o il nostro legittimo interesse in qualit\u00e0 di locatore e fornitore di servizi;<br \/>\n&#8211; o i legittimi interessi delle parti interessate;<br \/>\n&#8211; o l&#8217;applicazione di qualsiasi legislazione applicabile.<br \/>\nSi prega di notare che possiamo integrare i dati dei nostri clienti con informazioni pubbliche (ad esempio, dal registro delle imprese). Desideriamo segnalare il trasferimento dei dati dei clienti e dei contatti da consegnare tra le diverse entit\u00e0 del Gruppo ENYGEA. Vi informiamo inoltre del trasferimento dei nostri dati di cliente e di contatto a fornitori di servizi di consegna o di pulizia.<\/span>\n<\/div><div class=\"deeper-spacer clearfix\" data-config='{\"desktop\":15,\"mobile\":15,\"smobile\":15}'><\/div><div class=\"deeper-text align-left \" style=\"\" ><h2>3\/ Sondaggi di soddisfazione<\/h2>\n<span>ENYGEA, WC LOC, HAPPEE SERVICES, MOOV&amp;COOK, WATERLAB, SWITTEC e BASESCLEAN, che sono congiuntamente responsabili del trattamento dei dati, hanno istituito un sistema di questionari sulla soddisfazione dei potenziali clienti del Gruppo Enygea. Lo scopo della raccolta di queste informazioni (identit\u00e0, dati di contatto, risposte di soddisfazione, dati di segmentazione, consensi e relative prove di consenso) \u00e8 quello di gestire il miglioramento dei nostri servizi, che sono talvolta commercializzati su base condivisa tra le entit\u00e0 del Gruppo Enygea, e di raccogliere eventuali consensi e opinioni. Solo i responsabili delle societ\u00e0 interessate, il Dipartimento Marketing e la Direzione del Gruppo, nonch\u00e9 tutto il personale in contatto con i clienti e i potenziali clienti, sono autorizzati ad avere accesso ai dati comunicati o registrati. Il periodo massimo di conservazione dei dati \u00e8 di 3 anni. La base giuridica per l&#8217;utilizzo e l&#8217;elaborazione dei dati personali derivanti dai nostri sondaggi sulla soddisfazione pu\u00f2 basarsi sul consenso degli interessati o sui nostri legittimi interessi in qualit\u00e0 di locatori di immobili e fornitori di servizi. Desideriamo sottolineare che trasferiamo i dati dei nostri sondaggi ad altre entit\u00e0 del Gruppo ENYGEA.<\/span>\n<\/div><div class=\"deeper-spacer clearfix\" data-config='{\"desktop\":15,\"mobile\":15,\"smobile\":15}'><\/div><div class=\"deeper-text align-left \" style=\"\" ><h2>4\/ Elenco e directory dei contatti dei partner<\/h2>\n<span>ENYGEA, WC LOC, HAPPEE SERVICES, MOOV&amp;COOK, WATERLAB, SWITTEC e BASESCLEAN, responsabili del trattamento dei dati, hanno creato un sistema di partner (potenziali o attivi). Lo scopo di questa registrazione, che contiene dati personali (cognome, nome, mansione, numero di telefono, indirizzo e-mail, ecc.), \u00e8 quello di gestire il rapporto con il partner. Solo la Direzione e il personale interessato sono autorizzati ad accedere ai dati comunicati o registrati. Informiamo i nostri partner che possiamo arricchire i nostri dati con informazioni pubbliche. I dati personali vengono conservati per 5 anni dopo l&#8217;inattivit\u00e0. La base giuridica per l&#8217;utilizzo e il trattamento dei dati personali \u00e8 il consenso degli interessati o il nostro legittimo interesse come azienda.<\/span>\n<\/div><div class=\"deeper-spacer clearfix\" data-config='{\"desktop\":15,\"mobile\":15,\"smobile\":15}'><\/div><div class=\"deeper-text align-left \" style=\"\" ><h2>5\/ Dati su fornitori referenziati o potenziali<\/h2>\n<span>L&#8217;identit\u00e0 dei contatti dei nostri fornitori referenziati o potenziali, tutti i documenti o i dati forniti per diventare fornitori e i documenti contabili dei nostri fornitori sono raccolti da ENYGEA, WC LOC, HAPPEE SERVICES, MOOV&amp;COOK, WATERLAB, SWITTEC e BASESCLEAN che sono congiuntamente responsabili del trattamento al fine di gestire le relazioni con i fornitori e la contabilit\u00e0. Solo la direzione, il personale incaricato degli acquisti, i progetti relativi ai fornitori e l&#8217;ufficio contabilit\u00e0 sono autorizzati ad accedere ai dati registrati o comunicati. Il periodo massimo di conservazione dei dati \u00e8 fissato a 3 anni per i fornitori potenziali, 5 anni dopo l&#8217;ultimo acquisto per i fornitori attivi e 10 anni per i documenti contabili. La base giuridica per l&#8217;utilizzo e il trattamento dei vostri dati personali si basa sul consenso degli interessati o sul nostro legittimo interesse in qualit\u00e0 di acquirenti o per l&#8217;esecuzione di un contratto di acquisto. Segnaliamo che, in rari casi, possiamo arricchire i nostri dati sui fornitori attivi o potenziali con informazioni pubbliche.<\/span>\n<\/div><div class=\"deeper-spacer clearfix\" data-config='{\"desktop\":15,\"mobile\":15,\"smobile\":15}'><\/div><div class=\"deeper-text align-left \" style=\"\" ><h2>6\/ Candidatura per un lavoro o un tirocinio<\/h2>\n<span>Il Suo CV, l&#8217;eventuale lettera di presentazione e qualsiasi altro documento o dato fornito al momento della candidatura (spontanea o meno) ad un posto di lavoro, nonch\u00e9 i dati forniti da precedenti datori di lavoro, sono raccolti da ENYGEA, WC LOC, HAPPEE SERVICES, MOOV&amp;COOK, WATERLAB, SWITTEC e BASESCLEAN, contitolari del trattamento, al fine di valutare l&#8217;idoneit\u00e0 di un profilo professionale in relazione ad un&#8217;eventuale posizione da ricoprire. Solo l&#8217;ufficio Risorse Umane e i dirigenti interessati, nonch\u00e9 gli amministratori delle domande di assunzione, sono autorizzati ad accedere ai dati comunicati. Il periodo massimo di conservazione dei dati \u00e8 fissato a 2 anni dopo la cessazione del rapporto con il richiedente. La base giuridica per l&#8217;utilizzo e il trattamento dei vostri dati personali si basa sul vostro consenso o sul vostro legittimo interesse in quanto cercatori di lavoro o sul nostro legittimo interesse in quanto reclutatori. Segnaliamo che, in rari casi, trasferiamo i CV ad agenzie di reclutamento o di lavoro temporaneo, nonch\u00e9 a partner istituzionali o impegnati in attivit\u00e0 simili, correlate o complementari. Si prega di notare che potremmo aggiungere al nostro database di candidati informazioni provenienti dal settore pubblico o da agenzie di reclutamento.<\/span>\n<\/div><div class=\"deeper-spacer clearfix\" data-config='{\"desktop\":15,\"mobile\":15,\"smobile\":15}'><\/div><div class=\"deeper-text align-left \" style=\"\" ><h2>7\/ Architettura IT sicura<\/h2>\n<div class=\"vc_wp_text wpb_content_element\">\n<div class=\"widget widget_text\">\n<div class=\"textwidget\">\n<span>I nostri dati e quelli dei nostri clienti sono ospitati in Francia nei nostri locali sicuri e nei centri dati in outsourcing, la maggior parte dei quali \u00e8 certificata iso27001 in Europa. Tuttavia, vorremmo sottolineare che utilizziamo strumenti SaaS (in particolare Google Form) che sono approvati dal Privacy Shield e possono trasferire alcuni dei nostri dati in modo sicuro al di fuori dell&#8217;UE. In ogni caso, non trasferiamo alcun dato a Paesi che non sono riconosciuti dall&#8217;UE come garanzia di sicurezza e riservatezza dei dati.<\/span>\n<\/div>\n<\/div>\n<\/div>\n<\/div><div class=\"deeper-spacer clearfix\" data-config='{\"desktop\":15,\"mobile\":15,\"smobile\":15}'><\/div><div class=\"deeper-text align-left \" style=\"\" ><h2>8\/ I vostri diritti<\/h2>\n<div class=\"vc_wp_text wpb_content_element\">\n<div class=\"widget widget_text\">\n<div class=\"textwidget\">\n<div class=\"vc_wp_text wpb_content_element\">\n<div class=\"widget widget_text\">\n<div class=\"textwidget\">\n<span>Desideriamo informarvi che le informazioni relative ai nostri contatti di qualsiasi tipo (studenti in formazione, fornitori, partner, ecc.) possono essere trasferite a partner istituzionali o a partner coinvolti nella risoluzione di controversie o nel controllo: In applicazione delle leggi europee e della legge del 6 gennaio 1978 (relativa all&#8217;informatica, ai file e alle libert\u00e0), avete il diritto di accesso, rettifica, limitazione, portabilit\u00e0 e cancellazione dei vostri dati personali, nonch\u00e9 il diritto di opporvi al loro trattamento per motivi legittimi. L&#8217;utente pu\u00f2 esercitare tutti questi diritti inviando un&#8217;e-mail a <a href=\"mailto:dpo@enygea.com\">dpo@enygea.com<\/a> o per posta a Service DPO, Enygea, 6 All\u00e9e du Progr\u00e8s, CS90072, 59481 HAUBOURDIN CEDEX. L&#8217;utente ha inoltre il diritto di revocare il proprio consenso in qualsiasi momento e di presentare un reclamo alla Commission Nationale de l&#8217;Informatique et des Libert\u00e9s (CNIL), in particolare sul sito web <a href=\"https:\/\/www.cnil.fr\/\">www.cnil.fr<\/a>.<\/span>\n<\/div>\n<\/div>\n<\/div>\n<div class=\"vc_wp_text wpb_content_element\">\n<div class=\"widget widget_text\">\n<div class=\"textwidget\">\n<div class=\"stm-footer\">\n<div class=\"container footer_widgets_count_16\">\n<div class=\"footer-widgets\"><\/div>\n<\/div>\n<\/div>\n<\/div>\n<\/div>\n<\/div>\n<\/div>\n<\/div>\n<\/div>\n<\/div>\n\t\t\t\t\t<\/div>\n\t\t\t\t\t\n\t\t\t\t<\/div>[\/vc_column_inner][\/vc_row_inner]<div class=\"deeper-spacer clearfix\" data-config='{\"desktop\":30,\"mobile\":30,\"smobile\":50}'><\/div>[\/vc_column][\/vc_row]<\/p>\n<\/div>","protected":false},"excerpt":{"rendered":"<p>[vc_row full_width=&#8221;stretch_row&#8221; canvas=&#8221;%5B%5D&#8221; el_class=&#8221;header-titre-qui-sommes-nous&#8221; css=&#8221;.vc_custom_1706866622607{background-image: url(https:\/\/www.looloo-services.com\/wp-content\/uploads\/2023\/12\/bg-hp-mobilite-truck-looloo4.jpg?id=3063) !important;background-position: center !important;background-repeat: no-repeat !important;background-size: cover !important;}&#8221;][vc_column el_class=&#8221;intro-qui-sommes-nous&#8221;][vc_column_text] Informativa sulla privacy [\/vc_column_text][\/vc_column][\/vc_row][vc_row full_width=&#8221;stretch_row&#8221; bg_custom=&#8221;row-full-screen&#8221; bg_direction=&#8221;to bottom&#8221; bg_color_one=&#8221;#ffffff&#8221; bg_color_two=&#8221;#ffffff&#8221; bg_color_percent=&#8221;90%&#8221; canvas=&#8221;%5B%7B%22shape%22%3A%22shape-1%22%2C%22image_effect%22%3A%22style-1%22%2C%22smoothness%22%3A%2230%22%7D%5D&#8221; el_id=&#8221;bloc-module-photo-gauche-page-module&#8221; el_class=&#8221;bloc-module-photo-droite-page-module&#8221;][vc_column el_class=&#8221;colonne-bloc-module-photo-droite-page-module&#8221;][vc_row_inner el_class=&#8221;rangee-colonne-bloc-module-photo-droite-page-module&#8221;][vc_column_inner el_class=&#8221;colonne-texte-rangee-colonne-bloc-module-photo-droite-page-module colonne-texte-rangee-colonne-bloc-module-photo-droite-page-module-qui-sommes-nous&#8221; offset=&#8221;vc_col-lg-offset-0 vc_col-lg-12 vc_col-md-offset-0 vc_col-md-12&#8243;][\/vc_column_inner][\/vc_row_inner][\/vc_column][\/vc_row]<\/p>\n","protected":false},"author":1,"featured_media":0,"parent":0,"menu_order":0,"comment_status":"closed","ping_status":"closed","template":"","meta":{"footnotes":""},"categories":[],"tags":[],"class_list":["post-7072","page","type-page","status-publish","hentry"],"yoast_head":"<!-- This site is optimized with the Yoast SEO plugin v27.5 - https:\/\/yoast.com\/product\/yoast-seo-wordpress\/ -->\n<title>Politica sulla privacy : LooLoo Services<\/title>\n<meta name=\"robots\" content=\"noindex, nofollow\" \/>\n<meta property=\"og:locale\" content=\"it_IT\" \/>\n<meta property=\"og:type\" content=\"article\" \/>\n<meta property=\"og:title\" content=\"Politica sulla privacy : LooLoo Services\" \/>\n<meta property=\"og:description\" content=\"[vc_row full_width=&#8221;stretch_row&#8221; canvas=&#8221;%5B%5D&#8221; el_class=&#8221;header-titre-qui-sommes-nous&#8221; css=&#8221;.vc_custom_1706866622607{background-image: url(https:\/\/www.looloo-services.com\/wp-content\/uploads\/2023\/12\/bg-hp-mobilite-truck-looloo4.jpg?id=3063) !important;background-position: center !important;background-repeat: no-repeat !important;background-size: cover !important;}&#8221;][vc_column el_class=&#8221;intro-qui-sommes-nous&#8221;][vc_column_text] Informativa sulla privacy [\/vc_column_text][\/vc_column][\/vc_row][vc_row full_width=&#8221;stretch_row&#8221; bg_custom=&#8221;row-full-screen&#8221; bg_direction=&#8221;to bottom&#8221; bg_color_one=&#8221;#ffffff&#8221; bg_color_two=&#8221;#ffffff&#8221; bg_color_percent=&#8221;90%&#8221; canvas=&#8221;%5B%7B%22shape%22%3A%22shape-1%22%2C%22image_effect%22%3A%22style-1%22%2C%22smoothness%22%3A%2230%22%7D%5D&#8221; el_id=&#8221;bloc-module-photo-gauche-page-module&#8221; el_class=&#8221;bloc-module-photo-droite-page-module&#8221;][vc_column el_class=&#8221;colonne-bloc-module-photo-droite-page-module&#8221;][vc_row_inner el_class=&#8221;rangee-colonne-bloc-module-photo-droite-page-module&#8221;][vc_column_inner el_class=&#8221;colonne-texte-rangee-colonne-bloc-module-photo-droite-page-module colonne-texte-rangee-colonne-bloc-module-photo-droite-page-module-qui-sommes-nous&#8221; offset=&#8221;vc_col-lg-offset-0 vc_col-lg-12 vc_col-md-offset-0 vc_col-md-12&#8243;][\/vc_column_inner][\/vc_row_inner][\/vc_column][\/vc_row]\" \/>\n<meta property=\"og:url\" content=\"https:\/\/www.looloo-services.com\/it\/politica-sulla-privacy\/\" \/>\n<meta property=\"og:site_name\" content=\"LOOLOO SERVICES\" \/>\n<meta property=\"article:modified_time\" content=\"2024-03-04T12:57:59+00:00\" \/>\n<meta name=\"twitter:card\" content=\"summary_large_image\" \/>\n<meta name=\"twitter:label1\" content=\"Tempo di lettura stimato\" \/>\n\t<meta name=\"twitter:data1\" content=\"8 minuti\" \/>\n<script type=\"application\/ld+json\" class=\"yoast-schema-graph\">{\"@context\":\"https:\\\/\\\/schema.org\",\"@graph\":[{\"@type\":\"WebPage\",\"@id\":\"https:\\\/\\\/www.looloo-services.com\\\/it\\\/politica-sulla-privacy\\\/\",\"url\":\"https:\\\/\\\/www.looloo-services.com\\\/it\\\/politica-sulla-privacy\\\/\",\"name\":\"Politica sulla privacy : LooLoo Services\",\"isPartOf\":{\"@id\":\"https:\\\/\\\/www.looloo-services.com\\\/it\\\/#website\"},\"datePublished\":\"2024-02-29T10:55:56+00:00\",\"dateModified\":\"2024-03-04T12:57:59+00:00\",\"inLanguage\":\"it-IT\",\"potentialAction\":[{\"@type\":\"ReadAction\",\"target\":[\"https:\\\/\\\/www.looloo-services.com\\\/it\\\/politica-sulla-privacy\\\/\"]}]},{\"@type\":\"WebSite\",\"@id\":\"https:\\\/\\\/www.looloo-services.com\\\/it\\\/#website\",\"url\":\"https:\\\/\\\/www.looloo-services.com\\\/it\\\/\",\"name\":\"LOOLOO SERVICES\",\"description\":\"\",\"publisher\":{\"@id\":\"https:\\\/\\\/www.looloo-services.com\\\/it\\\/#organization\"},\"potentialAction\":[{\"@type\":\"SearchAction\",\"target\":{\"@type\":\"EntryPoint\",\"urlTemplate\":\"https:\\\/\\\/www.looloo-services.com\\\/it\\\/?s={search_term_string}\"},\"query-input\":{\"@type\":\"PropertyValueSpecification\",\"valueRequired\":true,\"valueName\":\"search_term_string\"}}],\"inLanguage\":\"it-IT\"},{\"@type\":\"Organization\",\"@id\":\"https:\\\/\\\/www.looloo-services.com\\\/it\\\/#organization\",\"name\":\"LOOLOO SERVICES\",\"url\":\"https:\\\/\\\/www.looloo-services.com\\\/it\\\/\",\"logo\":{\"@type\":\"ImageObject\",\"inLanguage\":\"it-IT\",\"@id\":\"https:\\\/\\\/www.looloo-services.com\\\/it\\\/#\\\/schema\\\/logo\\\/image\\\/\",\"url\":\"\",\"contentUrl\":\"\",\"caption\":\"LOOLOO SERVICES\"},\"image\":{\"@id\":\"https:\\\/\\\/www.looloo-services.com\\\/it\\\/#\\\/schema\\\/logo\\\/image\\\/\"}}]}<\/script>\n<!-- \/ Yoast SEO plugin. -->","yoast_head_json":{"title":"Politica sulla privacy : LooLoo Services","robots":{"index":"noindex","follow":"nofollow"},"og_locale":"it_IT","og_type":"article","og_title":"Politica sulla privacy : LooLoo Services","og_description":"[vc_row full_width=&#8221;stretch_row&#8221; canvas=&#8221;%5B%5D&#8221; el_class=&#8221;header-titre-qui-sommes-nous&#8221; css=&#8221;.vc_custom_1706866622607{background-image: url(https:\/\/www.looloo-services.com\/wp-content\/uploads\/2023\/12\/bg-hp-mobilite-truck-looloo4.jpg?id=3063) !important;background-position: center !important;background-repeat: no-repeat !important;background-size: cover !important;}&#8221;][vc_column el_class=&#8221;intro-qui-sommes-nous&#8221;][vc_column_text] Informativa sulla privacy [\/vc_column_text][\/vc_column][\/vc_row][vc_row full_width=&#8221;stretch_row&#8221; bg_custom=&#8221;row-full-screen&#8221; bg_direction=&#8221;to bottom&#8221; bg_color_one=&#8221;#ffffff&#8221; bg_color_two=&#8221;#ffffff&#8221; bg_color_percent=&#8221;90%&#8221; canvas=&#8221;%5B%7B%22shape%22%3A%22shape-1%22%2C%22image_effect%22%3A%22style-1%22%2C%22smoothness%22%3A%2230%22%7D%5D&#8221; el_id=&#8221;bloc-module-photo-gauche-page-module&#8221; el_class=&#8221;bloc-module-photo-droite-page-module&#8221;][vc_column el_class=&#8221;colonne-bloc-module-photo-droite-page-module&#8221;][vc_row_inner el_class=&#8221;rangee-colonne-bloc-module-photo-droite-page-module&#8221;][vc_column_inner el_class=&#8221;colonne-texte-rangee-colonne-bloc-module-photo-droite-page-module colonne-texte-rangee-colonne-bloc-module-photo-droite-page-module-qui-sommes-nous&#8221; offset=&#8221;vc_col-lg-offset-0 vc_col-lg-12 vc_col-md-offset-0 vc_col-md-12&#8243;][\/vc_column_inner][\/vc_row_inner][\/vc_column][\/vc_row]","og_url":"https:\/\/www.looloo-services.com\/it\/politica-sulla-privacy\/","og_site_name":"LOOLOO SERVICES","article_modified_time":"2024-03-04T12:57:59+00:00","twitter_card":"summary_large_image","twitter_misc":{"Tempo di lettura stimato":"8 minuti"},"schema":{"@context":"https:\/\/schema.org","@graph":[{"@type":"WebPage","@id":"https:\/\/www.looloo-services.com\/it\/politica-sulla-privacy\/","url":"https:\/\/www.looloo-services.com\/it\/politica-sulla-privacy\/","name":"Politica sulla privacy : LooLoo Services","isPartOf":{"@id":"https:\/\/www.looloo-services.com\/it\/#website"},"datePublished":"2024-02-29T10:55:56+00:00","dateModified":"2024-03-04T12:57:59+00:00","inLanguage":"it-IT","potentialAction":[{"@type":"ReadAction","target":["https:\/\/www.looloo-services.com\/it\/politica-sulla-privacy\/"]}]},{"@type":"WebSite","@id":"https:\/\/www.looloo-services.com\/it\/#website","url":"https:\/\/www.looloo-services.com\/it\/","name":"LOOLOO SERVICES","description":"","publisher":{"@id":"https:\/\/www.looloo-services.com\/it\/#organization"},"potentialAction":[{"@type":"SearchAction","target":{"@type":"EntryPoint","urlTemplate":"https:\/\/www.looloo-services.com\/it\/?s={search_term_string}"},"query-input":{"@type":"PropertyValueSpecification","valueRequired":true,"valueName":"search_term_string"}}],"inLanguage":"it-IT"},{"@type":"Organization","@id":"https:\/\/www.looloo-services.com\/it\/#organization","name":"LOOLOO SERVICES","url":"https:\/\/www.looloo-services.com\/it\/","logo":{"@type":"ImageObject","inLanguage":"it-IT","@id":"https:\/\/www.looloo-services.com\/it\/#\/schema\/logo\/image\/","url":"","contentUrl":"","caption":"LOOLOO SERVICES"},"image":{"@id":"https:\/\/www.looloo-services.com\/it\/#\/schema\/logo\/image\/"}}]}},"_links":{"self":[{"href":"https:\/\/www.looloo-services.com\/it\/wp-json\/wp\/v2\/pages\/7072","targetHints":{"allow":["GET"]}}],"collection":[{"href":"https:\/\/www.looloo-services.com\/it\/wp-json\/wp\/v2\/pages"}],"about":[{"href":"https:\/\/www.looloo-services.com\/it\/wp-json\/wp\/v2\/types\/page"}],"author":[{"embeddable":true,"href":"https:\/\/www.looloo-services.com\/it\/wp-json\/wp\/v2\/users\/1"}],"replies":[{"embeddable":true,"href":"https:\/\/www.looloo-services.com\/it\/wp-json\/wp\/v2\/comments?post=7072"}],"version-history":[{"count":5,"href":"https:\/\/www.looloo-services.com\/it\/wp-json\/wp\/v2\/pages\/7072\/revisions"}],"predecessor-version":[{"id":7078,"href":"https:\/\/www.looloo-services.com\/it\/wp-json\/wp\/v2\/pages\/7072\/revisions\/7078"}],"wp:attachment":[{"href":"https:\/\/www.looloo-services.com\/it\/wp-json\/wp\/v2\/media?parent=7072"}],"wp:term":[{"taxonomy":"category","embeddable":true,"href":"https:\/\/www.looloo-services.com\/it\/wp-json\/wp\/v2\/categories?post=7072"},{"taxonomy":"post_tag","embeddable":true,"href":"https:\/\/www.looloo-services.com\/it\/wp-json\/wp\/v2\/tags?post=7072"}],"curies":[{"name":"wp","href":"https:\/\/api.w.org\/{rel}","templated":true}]}}