{"id":7315,"date":"2024-02-02T11:55:39","date_gmt":"2024-02-02T10:55:39","guid":{"rendered":"https:\/\/www.looloo-services.com\/quem-es-tu\/"},"modified":"2024-05-06T12:09:37","modified_gmt":"2024-05-06T10:09:37","slug":"quem-somos-nos","status":"publish","type":"page","link":"https:\/\/www.looloo-services.com\/pt-pt\/quem-somos-nos\/","title":{"rendered":"Quem somos n\u00f3s ?"},"content":{"rendered":"<div class=\"wpb-content-wrapper\"><p>[vc_row full_width=&#8221;stretch_row&#8221; canvas=&#8221;%5B%5D&#8221; el_class=&#8221;header-titre-qui-sommes-nous&#8221; css=&#8221;.vc_custom_1706866622607{background-image: url(https:\/\/www.looloo-services.com\/wp-content\/uploads\/2023\/12\/bg-hp-mobilite-truck-looloo4.jpg?id=3063) !important;background-position: center !important;background-repeat: no-repeat !important;background-size: cover !important;}&#8221;][vc_column el_class=&#8221;intro-qui-sommes-nous&#8221;][vc_column_text css=&#8221;&#8221;]<\/p>\n<h1 style=\"text-align: center;\">Quem somos n\u00f3s ?<\/h1>\n<p style=\"text-align: center;\">LooLoo, uma marca inovadora, \u00e9 o resultado de uma cria\u00e7\u00e3o arrojada do atelier integrado do Grupo Enygea, reconhecido pela sua experi\u00eancia, nomeadamente no sector dos eventos, atrav\u00e9s da sua filial HAPPEE Services.<\/p>\n<p>[\/vc_column_text][\/vc_column][\/vc_row][vc_row full_width=&#8221;stretch_row&#8221; bg_custom=&#8221;row-full-screen&#8221; bg_direction=&#8221;to bottom&#8221; bg_color_one=&#8221;#ffffff&#8221; bg_color_two=&#8221;#ffffff&#8221; bg_color_percent=&#8221;90%&#8221; canvas=&#8221;%5B%7B%22shape%22%3A%22shape-1%22%2C%22image_effect%22%3A%22style-1%22%2C%22smoothness%22%3A%2230%22%7D%5D&#8221; el_id=&#8221;bloc-module-photo-gauche-page-module&#8221; el_class=&#8221;bloc-module-photo-droite-page-module&#8221;][vc_column el_class=&#8221;colonne-bloc-module-photo-droite-page-module&#8221;]<div class=\"deeper-spacer clearfix\" data-config='{\"desktop\":30,\"mobile\":30,\"smobile\":50}'><\/div>[vc_row_inner el_class=&#8221;rangee-colonne-bloc-module-photo-droite-page-module&#8221;][vc_column_inner el_class=&#8221;colonne-texte-rangee-colonne-bloc-module-photo-droite-page-module colonne-texte-rangee-colonne-bloc-module-photo-droite-page-module-qui-sommes-nous&#8221; width=&#8221;1\/2&#8243; offset=&#8221;vc_col-lg-offset-0 vc_col-lg-6 vc_col-md-offset-0 vc_col-md-12&#8243;]<div class=\"deeper-content-box clearfix ctb-389671491 wow fadeInUp\" style=\"\" data-config='{\"padding\":\"0\",\"mobiPadding\":\"0\",\"margin\":\"0\",\"mobiMargin\":\"0\",\"borderStyleHover\":\"solid\"}' data-wow-duration=\"0.75s\" data-wow-delay=\"0.3s\">\n\t\t\t\t\t<div class=\"inner \" style=\"\">\n\t\t\t\t\t\t<div class=\"deeper-text align-left \" style=\"\" ><h2 style=\"text-align: left;\">Uma filial do grupo Enygea<\/h2>\n<span>Fundada em 2007 por Herv\u00e9 Montagne, a nossa ETI ENYGEA independente tornou-se uma refer\u00eancia no aluguer BtoB. A nossa vontade de satisfazer os nossos clientes com solu\u00e7\u00f5es chave-na-m\u00e3o de alta qualidade levou-nos, ao longo dos anos, a criar filiais complementares no sector da higiene, cada uma com compet\u00eancias no seu pr\u00f3prio mercado e trabalhando em sinergia com as outras.<\/span>\n<\/div><div class=\"deeper-spacer clearfix\" data-config='{\"desktop\":15,\"mobile\":15,\"smobile\":15}'><\/div><h2 class=\"deeper-text align-center \" style=\"\" ><h2>A inova\u00e7\u00e3o \u00e9 parte integrante do nosso ADN.<\/h2>\n<span>As nossas duas principais \u00e1reas de especializa\u00e7\u00e3o s\u00e3o: estaleiros de constru\u00e7\u00e3o e eventos. Ouvimos os nossos clientes, preocupamo-nos com o bem-estar das nossas equipas e seguimos uma pol\u00edtica transparente e participativa, tanto a n\u00edvel interno como externo, que nos permite continuar a evoluir.<\/span>\n<\/h2><div class=\"url-wrap  align-left btn-border\" >\n\t\t\t\t\t\t<a class=\"deeper-button custom medium btn-1500849802\" style=\"\" href=https:\/\/www.enygea.com\/en\/ target=_blank data-config='{\"color\":\"#191919\",\"bg\":\"rgba(238,238,238,0.01)\",\"margin\":\"35px 0 0\",\"rounded\":\"5px\",\"border\":\"2px solid #c0b675\",\"borderHover\":\"2px solid #c0b675\",\"colorHover\":\"#ffffff\",\"bgHover\":\"#c0b675\"}'>Descobrir Enygea<span class=\"hover-effect\"><\/span><\/a>\n\t\t\t\t\t<\/div>\n\t\t\t\t\t<\/div>\n\t\t\t\t\t\n\t\t\t\t<\/div>[\/vc_column_inner][vc_column_inner el_class=&#8221;colonne-img-rangee-colonne-bloc-module-photo-droite-page-module colonne-img-rangee-colonne-bloc-module-photo-droite-page-module-qui-sommes-nous-1&#8243; width=&#8221;1\/2&#8243; offset=&#8221;vc_col-lg-offset-0 vc_col-lg-6 vc_col-md-offset-0 vc_col-md-12 vc_col-sm-offset-0&#8243;]<div class=\"deeper-parallax-box \"><div class=\"parallax-wrap\"><div class=\" wow fadeInDown\"  data-wow-duration=\"0.75s\" data-wow-delay=\"0.3s\">\n\t\t\t\t\t\t<div class=\"deeper-parallax-item  has-width\" style=\"left:50px;left:auto;right:-30px;margin-top:50px;width:90%;border-radius:10px;\" data-parallax='{ \"x\": 30, \"smoothness\": 30 }' data-top=\"50px\">\n\t\t\t\t\t\t \t<div class=\"inner\">\n\t\t\t\t\t\t \t\t<img decoding=\"async\" class=\"parallax-image\" src=\"https:\/\/www.looloo-services.com\/wp-content\/uploads\/2024\/02\/groupe-enygea-qui-sommes-nous2.png\" alt=\"image\">\n\t\t\t\t\t\t \t<\/div>\n\t\t\t\t\t\t<\/div>\n\t\t\t\t\t<\/div><\/div><\/div>[\/vc_column_inner][\/vc_row_inner]<div class=\"deeper-spacer clearfix\" data-config='{\"desktop\":30,\"mobile\":30,\"smobile\":50}'><\/div>[\/vc_column][\/vc_row][vc_row full_width=&#8221;stretch_row&#8221; bg_custom=&#8221;row-full-screen&#8221; bg_direction=&#8221;to bottom&#8221; bg_color_one=&#8221;#ffffff&#8221; bg_color_two=&#8221;#222831&#8243; bg_color_percent=&#8221;0%&#8221; canvas=&#8221;%5B%7B%22shape%22%3A%22shape-1%22%2C%22image_effect%22%3A%22style-1%22%2C%22smoothness%22%3A%2230%22%7D%5D&#8221; el_class=&#8221;overflow-visible bg-custom-3 bloc-module-photo-gauche-page-module bloc-module-photo-gauche-page-module-qui-sommes-nous1&#8243; el_id=&#8221;bloc-module-photo-gauche-page-module&#8221;][vc_column el_id=&#8221;colonne-bloc-module-photo-gauche-page-module&#8221; el_class=&#8221;colonne-bloc-module-photo-gauche-page-module&#8221;][vc_row_inner el_class=&#8221;rangee-colonne-bloc-module-photo-gauche-page-module&#8221; el_id=&#8221;rangee-colonne-bloc-module-photo-gauche-page-module&#8221;][vc_column_inner el_class=&#8221;colonne-img-rangee-colonne-bloc-module-photo-gauche-page-module colonne-img-qui-sommes-nous2&#8243; width=&#8221;1\/2&#8243; offset=&#8221;vc_col-lg-offset-0 vc_col-lg-6 vc_col-md-offset-0 vc_col-md-12&#8243;]<div class=\"deeper-parallax-box \"><div class=\"parallax-wrap\"><div class=\" wow fadeInDown\"  data-wow-duration=\"0.75s\" data-wow-delay=\"0.3s\">\n\t\t\t\t\t\t<div class=\"deeper-parallax-item  has-width\" style=\"left:30px;left:auto;right:10px;margin-top:50px;width:90%;border-radius:10px;\" data-parallax='{ \"x\": -50, \"smoothness\": 30 }' data-top=\"50px\">\n\t\t\t\t\t\t \t<div class=\"inner\">\n\t\t\t\t\t\t \t\t<img decoding=\"async\" class=\"parallax-image\" src=\"https:\/\/www.looloo-services.com\/wp-content\/uploads\/2024\/02\/groupe-happee1.jpeg\" alt=\"image\">\n\t\t\t\t\t\t \t<\/div>\n\t\t\t\t\t\t<\/div>\n\t\t\t\t\t<\/div><\/div><\/div>[\/vc_column_inner][vc_column_inner el_class=&#8221;colonne-texte-rangee-colonne-bloc-module-photo-gauche-page-module colonne-texte-rangee-colonne-bloc-module-photo-gauche-page-module-qui-sommes-nous colonne-txt-qui-sommes-nous2&#8243; width=&#8221;1\/2&#8243; offset=&#8221;vc_col-lg-offset-0 vc_col-lg-6 vc_col-md-offset-0 vc_col-md-12&#8243; el_id=&#8221;colonne-texte-rangee-colonne-bloc-module-photo-gauche-page-module&#8221;]<div class=\"deeper-content-box clearfix ctb-1975649371 wow fadeInUp\" style=\"\" data-config='{\"padding\":\"0\",\"mobiPadding\":\"0\",\"margin\":\"0\",\"mobiMargin\":\"0\",\"borderStyleHover\":\"solid\"}' data-wow-duration=\"0.75s\" data-wow-delay=\"0.3s\">\n\t\t\t\t\t<div class=\"inner \" style=\"\">\n\t\t\t\t\t\t<div class=\"deeper-text align-left \" style=\"\" ><h2 style=\"text-align: left;\">Especialistas em gest\u00e3o de eventos gra\u00e7as ao nosso parceiro HAPPEE Services<\/h2>\n<p style=\"text-align: left; color: #fff!important;\">Fundada em 1962, a HAPPEE Services, filial do mesmo grupo, \u00e9 a refer\u00eancia em equipamentos sanit\u00e1rios no mercado de eventos. Feiras, exposi\u00e7\u00f5es, festivais, eventos desportivos, desfiles de moda&#8230; Hoje em dia, a HAPPEE Services conta com 10 linhas de neg\u00f3cio e mais de 30 colaboradores: comerciais, gestores de opera\u00e7\u00f5es, gestores de manuten\u00e7\u00e3o, limpadores de ripper, chefes de oficina, motoristas&#8230; Descobre a nossa gama completa de instala\u00e7\u00f5es sanit\u00e1rias, baseada principalmente em inova\u00e7\u00f5es (urin\u00f3is para mulheres, sanitas ecol\u00f3gicas, caravanas de prest\u00edgio) e na experi\u00eancia do nosso fabricante integrado SWITTEC.<\/span>\n<\/div>\n\t\t\t\t\t<\/div>\n\t\t\t\t\t\n\t\t\t\t<\/div><div class=\"deeper-spacer clearfix\" data-config='{\"desktop\":15,\"mobile\":15,\"smobile\":15}'><\/div><div class=\"url-wrap  align-left btn-border\" >\n\t\t\t\t\t\t<a class=\"deeper-button custom medium btn-177336970\" style=\"\" href=https:\/\/www.happee-services.com\/ target=_blank data-config='{\"color\":\"#ffffff\",\"bg\":\"rgba(238,238,238,0.01)\",\"margin\":\"20px 0\",\"rounded\":\"5px\",\"border\":\"2px solid #c0b675\",\"borderHover\":\"2px solid #c0b675\",\"colorHover\":\"#ffffff\",\"bgHover\":\"#c0b675\"}'>Descobrir Happee Services<span class=\"hover-effect\"><\/span><\/a>\n\t\t\t\t\t<\/div>[\/vc_column_inner][\/vc_row_inner][\/vc_column][\/vc_row][vc_row full_width=&#8221;stretch_row&#8221; bg_custom=&#8221;row-full-screen&#8221; bg_direction=&#8221;to bottom&#8221; bg_color_one=&#8221;#ffffff&#8221; bg_color_two=&#8221;#ffffff&#8221; bg_color_percent=&#8221;90%&#8221; canvas=&#8221;%5B%7B%22shape%22%3A%22shape-1%22%2C%22image_effect%22%3A%22style-1%22%2C%22smoothness%22%3A%2230%22%7D%5D&#8221; el_class=&#8221;bloc-module-photo-droite-page-module bloc-module-photo-droite-page-module-qui-sommes-nous2&#8243; el_id=&#8221;bloc-module-photo-gauche-page-module&#8221;][vc_column el_class=&#8221;colonne-bloc-module-photo-droite-page-module&#8221;]<div class=\"deeper-spacer clearfix\" data-config='{\"desktop\":30,\"mobile\":30,\"smobile\":50}'><\/div>[vc_row_inner el_class=&#8221;rangee-colonne-bloc-module-photo-droite-page-module&#8221;][vc_column_inner el_class=&#8221;colonne-texte-rangee-colonne-bloc-module-photo-droite-page-module colonne-texte-rangee-colonne-bloc-module-photo-droite-page-module-qui-sommes-nous&#8221; width=&#8221;1\/2&#8243; offset=&#8221;vc_col-lg-offset-0 vc_col-lg-6 vc_col-md-offset-0 vc_col-md-12&#8243;]<div class=\"deeper-content-box clearfix ctb-207163784 wow fadeInUp\" style=\"\" data-config='{\"padding\":\"0\",\"mobiPadding\":\"0\",\"margin\":\"0\",\"mobiMargin\":\"0\",\"borderStyleHover\":\"solid\"}' data-wow-duration=\"0.75s\" data-wow-delay=\"0.3s\">\n\t\t\t\t\t<div class=\"inner \" style=\"\">\n\t\t\t\t\t\t<div class=\"deeper-text align-left \" style=\"\" ><h2>LooLoo: fabrico franc\u00eas integrado no grupo<\/h2>\n<span>SWITTEC, a oficina integrada do Grupo ENYGEA, \u00e9 um grande centro de inova\u00e7\u00e3o dedicado \u00e0 conce\u00e7\u00e3o e ao fabrico de uma vasta gama de equipamentos sanit\u00e1rios e ambientais. Nesta oficina, uma equipa dedicada trabalha na cria\u00e7\u00e3o de produtos inovadores, tais como sanitas secas, sanitas p\u00fablicas, urin\u00f3is especiais, rampas para lavat\u00f3rios e cami\u00f5es de esvaziamento\/limpeza.<\/span>\n<\/div><div class=\"deeper-spacer clearfix\" data-config='{\"desktop\":15,\"mobile\":15,\"smobile\":15}'><\/div><div class=\"deeper-text align-left \" style=\"\" ><h2>LooLoo: um exemplo not\u00e1vel de experi\u00eancia local<\/h2>\n<span>Com o seu gabinete de estudos interno, a SWITTEC distingue-se pelo seu empenho na conce\u00e7\u00e3o de solu\u00e7\u00f5es eficientes e sustent\u00e1veis. O m\u00f3dulo LooLoo, concebido inteiramente de A a Z pela SWITTEC, \u00e9 um exemplo not\u00e1vel do saber local, ostentando orgulhosamente a etiqueta &#8220;made in France&#8221;. Al\u00e9m disso, o LooLoo Truck, resultado de uma extensa colabora\u00e7\u00e3o t\u00e9cnica e de design com a SWITTEC, reflecte a abordagem inovadora da oficina no desenvolvimento de solu\u00e7\u00f5es sanit\u00e1rias avan\u00e7adas.<\/span>\n<\/div><div class=\"url-wrap  align-left btn-border\" >\n\t\t\t\t\t\t<a class=\"deeper-button custom medium btn-148371143\" style=\"\" href=https:\/\/www.enygea.com\/en\/our-brands\/swittec\/ target=_blank data-config='{\"color\":\"#191919\",\"bg\":\"rgba(238,238,238,0.01)\",\"margin\":\"35px 0 0\",\"rounded\":\"5px\",\"border\":\"2px solid #c0b675\",\"borderHover\":\"2px solid #c0b675\",\"colorHover\":\"#ffffff\",\"bgHover\":\"#c0b675\"}'>Descobrir Swittec<span class=\"hover-effect\"><\/span><\/a>\n\t\t\t\t\t<\/div>\n\t\t\t\t\t<\/div>\n\t\t\t\t\t\n\t\t\t\t<\/div>[\/vc_column_inner][vc_column_inner el_class=&#8221;colonne-3-qui-sommes-nous&#8221; width=&#8221;1\/2&#8243; offset=&#8221;vc_col-lg-offset-0 vc_col-lg-6 vc_col-md-offset-0 vc_col-md-12&#8243;]<div class=\"deeper-parallax-box \"><div class=\"parallax-wrap\"><div class=\" wow fadeInDown\"  data-wow-duration=\"0.75s\" data-wow-delay=\"0.3s\">\n\t\t\t\t\t\t<div class=\"deeper-parallax-item  has-width\" style=\"left:50px;left:auto;right:-30px;margin-top:30px;width:100%;border-radius:10px;\" data-parallax='{ \"x\": 30, \"smoothness\": 30 }' data-top=\"30px\">\n\t\t\t\t\t\t \t<div class=\"inner\">\n\t\t\t\t\t\t \t\t<img decoding=\"async\" class=\"parallax-image\" src=\"https:\/\/www.looloo-services.com\/wp-content\/uploads\/2024\/02\/groupe-swittec1.jpeg\" alt=\"image\">\n\t\t\t\t\t\t \t<\/div>\n\t\t\t\t\t\t<\/div>\n\t\t\t\t\t<\/div><\/div><\/div>[\/vc_column_inner][\/vc_row_inner]<div class=\"deeper-spacer clearfix\" data-config='{\"desktop\":30,\"mobile\":30,\"smobile\":50}'><\/div>[\/vc_column][\/vc_row]<\/p>\n<\/div>","protected":false},"excerpt":{"rendered":"<p>[vc_row full_width=&#8221;stretch_row&#8221; canvas=&#8221;%5B%5D&#8221; el_class=&#8221;header-titre-qui-sommes-nous&#8221; css=&#8221;.vc_custom_1706866622607{background-image: url(https:\/\/www.looloo-services.com\/wp-content\/uploads\/2023\/12\/bg-hp-mobilite-truck-looloo4.jpg?id=3063) !important;background-position: center !important;background-repeat: no-repeat !important;background-size: cover !important;}&#8221;][vc_column el_class=&#8221;intro-qui-sommes-nous&#8221;][vc_column_text css=&#8221;&#8221;] Quem somos n\u00f3s ? LooLoo, uma marca inovadora, \u00e9 o resultado de uma cria\u00e7\u00e3o arrojada do atelier integrado do Grupo Enygea, reconhecido pela sua experi\u00eancia, nomeadamente no sector dos eventos, atrav\u00e9s da sua filial HAPPEE<\/p>\n","protected":false},"author":1,"featured_media":0,"parent":0,"menu_order":0,"comment_status":"closed","ping_status":"closed","template":"","meta":{"footnotes":""},"categories":[],"tags":[],"class_list":["post-7315","page","type-page","status-publish","hentry"],"yoast_head":"<!-- This site is optimized with the Yoast SEO plugin v27.4 - https:\/\/yoast.com\/product\/yoast-seo-wordpress\/ -->\n<title>Quem somos n\u00f3s ? : LooLoo Services<\/title>\n<meta name=\"robots\" content=\"index, follow, max-snippet:-1, max-image-preview:large, max-video-preview:-1\" \/>\n<link rel=\"canonical\" href=\"https:\/\/www.looloo-services.com\/pt-pt\/quem-somos-nos\/\" \/>\n<meta property=\"og:locale\" content=\"pt_PT\" \/>\n<meta property=\"og:type\" content=\"article\" \/>\n<meta property=\"og:title\" content=\"Quem somos n\u00f3s ? : LooLoo Services\" \/>\n<meta property=\"og:description\" content=\"[vc_row full_width=&#8221;stretch_row&#8221; canvas=&#8221;%5B%5D&#8221; el_class=&#8221;header-titre-qui-sommes-nous&#8221; css=&#8221;.vc_custom_1706866622607{background-image: url(https:\/\/www.looloo-services.com\/wp-content\/uploads\/2023\/12\/bg-hp-mobilite-truck-looloo4.jpg?id=3063) !important;background-position: center !important;background-repeat: no-repeat !important;background-size: cover !important;}&#8221;][vc_column el_class=&#8221;intro-qui-sommes-nous&#8221;][vc_column_text css=&#8221;&#8221;] Quem somos n\u00f3s ? LooLoo, uma marca inovadora, \u00e9 o resultado de uma cria\u00e7\u00e3o arrojada do atelier integrado do Grupo Enygea, reconhecido pela sua experi\u00eancia, nomeadamente no sector dos eventos, atrav\u00e9s da sua filial HAPPEE\" \/>\n<meta property=\"og:url\" content=\"https:\/\/www.looloo-services.com\/pt-pt\/quem-somos-nos\/\" \/>\n<meta property=\"og:site_name\" content=\"LOOLOO SERVICES\" \/>\n<meta property=\"article:modified_time\" content=\"2024-05-06T10:09:37+00:00\" \/>\n<meta name=\"twitter:card\" content=\"summary_large_image\" \/>\n<meta name=\"twitter:label1\" content=\"Tempo estimado de leitura\" \/>\n\t<meta name=\"twitter:data1\" content=\"4 minutos\" \/>\n<script type=\"application\/ld+json\" class=\"yoast-schema-graph\">{\"@context\":\"https:\\\/\\\/schema.org\",\"@graph\":[{\"@type\":\"WebPage\",\"@id\":\"https:\\\/\\\/www.looloo-services.com\\\/pt-pt\\\/quem-somos-nos\\\/\",\"url\":\"https:\\\/\\\/www.looloo-services.com\\\/pt-pt\\\/quem-somos-nos\\\/\",\"name\":\"Quem somos n\u00f3s ? : LooLoo Services\",\"isPartOf\":{\"@id\":\"https:\\\/\\\/www.looloo-services.com\\\/pt-pt\\\/#website\"},\"datePublished\":\"2024-02-02T10:55:39+00:00\",\"dateModified\":\"2024-05-06T10:09:37+00:00\",\"inLanguage\":\"pt-PT\",\"potentialAction\":[{\"@type\":\"ReadAction\",\"target\":[\"https:\\\/\\\/www.looloo-services.com\\\/pt-pt\\\/quem-somos-nos\\\/\"]}]},{\"@type\":\"WebSite\",\"@id\":\"https:\\\/\\\/www.looloo-services.com\\\/pt-pt\\\/#website\",\"url\":\"https:\\\/\\\/www.looloo-services.com\\\/pt-pt\\\/\",\"name\":\"LOOLOO SERVICES\",\"description\":\"\",\"publisher\":{\"@id\":\"https:\\\/\\\/www.looloo-services.com\\\/pt-pt\\\/#organization\"},\"potentialAction\":[{\"@type\":\"SearchAction\",\"target\":{\"@type\":\"EntryPoint\",\"urlTemplate\":\"https:\\\/\\\/www.looloo-services.com\\\/pt-pt\\\/?s={search_term_string}\"},\"query-input\":{\"@type\":\"PropertyValueSpecification\",\"valueRequired\":true,\"valueName\":\"search_term_string\"}}],\"inLanguage\":\"pt-PT\"},{\"@type\":\"Organization\",\"@id\":\"https:\\\/\\\/www.looloo-services.com\\\/pt-pt\\\/#organization\",\"name\":\"LOOLOO SERVICES\",\"url\":\"https:\\\/\\\/www.looloo-services.com\\\/pt-pt\\\/\",\"logo\":{\"@type\":\"ImageObject\",\"inLanguage\":\"pt-PT\",\"@id\":\"https:\\\/\\\/www.looloo-services.com\\\/pt-pt\\\/#\\\/schema\\\/logo\\\/image\\\/\",\"url\":\"\",\"contentUrl\":\"\",\"caption\":\"LOOLOO SERVICES\"},\"image\":{\"@id\":\"https:\\\/\\\/www.looloo-services.com\\\/pt-pt\\\/#\\\/schema\\\/logo\\\/image\\\/\"}}]}<\/script>\n<!-- \/ Yoast SEO plugin. -->","yoast_head_json":{"title":"Quem somos n\u00f3s ? : LooLoo Services","robots":{"index":"index","follow":"follow","max-snippet":"max-snippet:-1","max-image-preview":"max-image-preview:large","max-video-preview":"max-video-preview:-1"},"canonical":"https:\/\/www.looloo-services.com\/pt-pt\/quem-somos-nos\/","og_locale":"pt_PT","og_type":"article","og_title":"Quem somos n\u00f3s ? : LooLoo Services","og_description":"[vc_row full_width=&#8221;stretch_row&#8221; canvas=&#8221;%5B%5D&#8221; el_class=&#8221;header-titre-qui-sommes-nous&#8221; css=&#8221;.vc_custom_1706866622607{background-image: url(https:\/\/www.looloo-services.com\/wp-content\/uploads\/2023\/12\/bg-hp-mobilite-truck-looloo4.jpg?id=3063) !important;background-position: center !important;background-repeat: no-repeat !important;background-size: cover !important;}&#8221;][vc_column el_class=&#8221;intro-qui-sommes-nous&#8221;][vc_column_text css=&#8221;&#8221;] Quem somos n\u00f3s ? LooLoo, uma marca inovadora, \u00e9 o resultado de uma cria\u00e7\u00e3o arrojada do atelier integrado do Grupo Enygea, reconhecido pela sua experi\u00eancia, nomeadamente no sector dos eventos, atrav\u00e9s da sua filial HAPPEE","og_url":"https:\/\/www.looloo-services.com\/pt-pt\/quem-somos-nos\/","og_site_name":"LOOLOO SERVICES","article_modified_time":"2024-05-06T10:09:37+00:00","twitter_card":"summary_large_image","twitter_misc":{"Tempo estimado de leitura":"4 minutos"},"schema":{"@context":"https:\/\/schema.org","@graph":[{"@type":"WebPage","@id":"https:\/\/www.looloo-services.com\/pt-pt\/quem-somos-nos\/","url":"https:\/\/www.looloo-services.com\/pt-pt\/quem-somos-nos\/","name":"Quem somos n\u00f3s ? : LooLoo Services","isPartOf":{"@id":"https:\/\/www.looloo-services.com\/pt-pt\/#website"},"datePublished":"2024-02-02T10:55:39+00:00","dateModified":"2024-05-06T10:09:37+00:00","inLanguage":"pt-PT","potentialAction":[{"@type":"ReadAction","target":["https:\/\/www.looloo-services.com\/pt-pt\/quem-somos-nos\/"]}]},{"@type":"WebSite","@id":"https:\/\/www.looloo-services.com\/pt-pt\/#website","url":"https:\/\/www.looloo-services.com\/pt-pt\/","name":"LOOLOO SERVICES","description":"","publisher":{"@id":"https:\/\/www.looloo-services.com\/pt-pt\/#organization"},"potentialAction":[{"@type":"SearchAction","target":{"@type":"EntryPoint","urlTemplate":"https:\/\/www.looloo-services.com\/pt-pt\/?s={search_term_string}"},"query-input":{"@type":"PropertyValueSpecification","valueRequired":true,"valueName":"search_term_string"}}],"inLanguage":"pt-PT"},{"@type":"Organization","@id":"https:\/\/www.looloo-services.com\/pt-pt\/#organization","name":"LOOLOO SERVICES","url":"https:\/\/www.looloo-services.com\/pt-pt\/","logo":{"@type":"ImageObject","inLanguage":"pt-PT","@id":"https:\/\/www.looloo-services.com\/pt-pt\/#\/schema\/logo\/image\/","url":"","contentUrl":"","caption":"LOOLOO SERVICES"},"image":{"@id":"https:\/\/www.looloo-services.com\/pt-pt\/#\/schema\/logo\/image\/"}}]}},"_links":{"self":[{"href":"https:\/\/www.looloo-services.com\/pt-pt\/wp-json\/wp\/v2\/pages\/7315","targetHints":{"allow":["GET"]}}],"collection":[{"href":"https:\/\/www.looloo-services.com\/pt-pt\/wp-json\/wp\/v2\/pages"}],"about":[{"href":"https:\/\/www.looloo-services.com\/pt-pt\/wp-json\/wp\/v2\/types\/page"}],"author":[{"embeddable":true,"href":"https:\/\/www.looloo-services.com\/pt-pt\/wp-json\/wp\/v2\/users\/1"}],"replies":[{"embeddable":true,"href":"https:\/\/www.looloo-services.com\/pt-pt\/wp-json\/wp\/v2\/comments?post=7315"}],"version-history":[{"count":8,"href":"https:\/\/www.looloo-services.com\/pt-pt\/wp-json\/wp\/v2\/pages\/7315\/revisions"}],"predecessor-version":[{"id":7326,"href":"https:\/\/www.looloo-services.com\/pt-pt\/wp-json\/wp\/v2\/pages\/7315\/revisions\/7326"}],"wp:attachment":[{"href":"https:\/\/www.looloo-services.com\/pt-pt\/wp-json\/wp\/v2\/media?parent=7315"}],"wp:term":[{"taxonomy":"category","embeddable":true,"href":"https:\/\/www.looloo-services.com\/pt-pt\/wp-json\/wp\/v2\/categories?post=7315"},{"taxonomy":"post_tag","embeddable":true,"href":"https:\/\/www.looloo-services.com\/pt-pt\/wp-json\/wp\/v2\/tags?post=7315"}],"curies":[{"name":"wp","href":"https:\/\/api.w.org\/{rel}","templated":true}]}}