{"id":7333,"date":"2023-12-22T17:04:58","date_gmt":"2023-12-22T16:04:58","guid":{"rendered":"https:\/\/www.looloo-services.com\/contacta-nos\/"},"modified":"2024-05-07T14:40:50","modified_gmt":"2024-05-07T12:40:50","slug":"contacte-nos","status":"publish","type":"page","link":"https:\/\/www.looloo-services.com\/pt-pt\/contacte-nos\/","title":{"rendered":"Contacte-nos"},"content":{"rendered":"<div class=\"wpb-content-wrapper\"><p>[vc_row full_width=&#8221;stretch_row&#8221; bg_custom=&#8221;row-full-screen&#8221; bg_direction=&#8221;to bottom&#8221; bg_color_one=&#8221;#222831&#8243; bg_color_two=&#8221;#ffffff&#8221; bg_color_percent=&#8221;100%&#8221; canvas=&#8221;%5B%7B%22shape%22%3A%22shape-1%22%2C%22image_effect%22%3A%22style-1%22%2C%22smoothness%22%3A%2230%22%7D%5D&#8221; el_id=&#8221;bloc-formulaire-page-contact&#8221; el_class=&#8221;bloc-formulaire-page-contact&#8221;][vc_column el_class=&#8221;colonne-bloc-formulaire-page-contact&#8221;][vc_row_inner el_class=&#8221;rangee-bloc-formulaire-page-contact&#8221; el_id=&#8221;rangee-bloc-formulaire-page-contact&#8221;][vc_column_inner el_class=&#8221;colonne-contact-form-page-contact&#8221; width=&#8221;7\/12&#8243; offset=&#8221;vc_col-lg-offset-0 vc_col-lg-7 vc_col-md-offset-0 vc_col-md-12&#8243;][vc_raw_js]JTNDc2NyaXB0JTIwY2hhcnNldCUzRCUyMnV0Zi04JTIyJTIwdHlwZSUzRCUyMnRleHQlMkZqYXZhc2NyaXB0JTIyJTIwc3JjJTNEJTIyJTJGJTJGanMtZXUxLmhzZm9ybXMubmV0JTJGZm9ybXMlMkZlbWJlZCUyRnYyLmpzJTIyJTNFJTNDJTJGc2NyaXB0JTNFJTBBJTBBJTNDc2NyaXB0JTNFJTBBJTBBJTIwJTIwaGJzcHQuZm9ybXMuY3JlYXRlJTI4JTdCJTBBJTBBJTIwJTIwJTIwJTIwcmVnaW9uJTNBJTIwJTIyZXUxJTIyJTJDJTBBJTBBJTIwJTIwJTIwJTIwcG9ydGFsSWQlM0ElMjAlMjIyNTgwOTA2NCUyMiUyQyUwQSUwQSUyMCUyMCUyMCUyMGZvcm1JZCUzQSUyMCUyMjQyN2VmNmQ0LTUxYjQtNDk3YS1hZGQxLTQ2OWE0Y2Y4MjA1MiUyMiUwQSUwQSUyMCUyMCU3RCUyOSUzQiUwQSUwQSUzQyUyRnNjcmlwdCUzRQ==[\/vc_raw_js][vc_column_text css=&#8221;.vc_custom_1715004363454{margin-top: 20px !important;}&#8221; el_class=&#8221;bloc-note-page-contact&#8221;]<\/p>\n<p class=\"note\"><strong>Os campos assinalados com um asterisco (*) s\u00e3o obrigat\u00f3rios.<br \/>\n<\/strong>A LOOLOO compromete-se a garantir que a recolha e o tratamento dos teus dados, efectuados a partir do nosso site <a href=\"http:\/\/www.looloo-services.com\/pt-pt\/\">looloo-services.com<\/a>, respeitam o Regulamento Geral de Prote\u00e7\u00e3o de Dados (RGPD) e a Lei Francesa de Prote\u00e7\u00e3o de Dados. Para conheceres e exerceres os teus direitos relativamente \u00e0 retirada do teu consentimento para a utiliza\u00e7\u00e3o dos dados recolhidos atrav\u00e9s deste formul\u00e1rio, consulta <a href=\"https:\/\/www.looloo-services.com\/pt-pt\/politica-privacidade\/\">a nossa pol\u00edtica de privacidade<\/a>.<\/p>\n<p>[\/vc_column_text][\/vc_column_inner][vc_column_inner el_class=&#8221;colonne-images-page-contact&#8221; width=&#8221;5\/12&#8243; offset=&#8221;vc_col-lg-offset-0 vc_col-lg-5 vc_col-md-12&#8243;]<div class=\"deeper-parallax-box \"><div class=\"parallax-wrap\"><div class=\" wow fadeInDown\"  data-wow-duration=\"0.75s\" data-wow-delay=\"0.3s\">\n\t\t\t\t\t\t<div class=\"deeper-parallax-item  has-width\" style=\"left:50px;left:auto;right:-30px;margin-top:0px;width:100%;border-radius:10px;\" data-parallax='{ \"x\": 50, \"smoothness\": 30 }' data-top=\"0px\">\n\t\t\t\t\t\t \t<div class=\"inner\">\n\t\t\t\t\t\t \t\t<img decoding=\"async\" class=\"parallax-image\" src=\"https:\/\/www.looloo-services.com\/wp-content\/uploads\/2023\/12\/video-hp-looloo-truck1.jpeg\" alt=\"image\">\n\t\t\t\t\t\t \t<\/div>\n\t\t\t\t\t\t<\/div>\n\t\t\t\t\t<\/div><div class=\" wow fadeInDown\"  data-wow-duration=\"0.75s\" data-wow-delay=\"0.3s\">\n\t\t\t\t\t\t<div class=\"deeper-parallax-item  has-width\" style=\"left:50px;left:auto;right:30px;margin-top:200px;width:50%;border-radius:10px;\" data-parallax='{ \"x\": -50, \"smoothness\": 30 }' data-top=\"200px\">\n\t\t\t\t\t\t \t<div class=\"inner\">\n\t\t\t\t\t\t \t\t<img decoding=\"async\" class=\"parallax-image\" src=\"https:\/\/www.looloo-services.com\/wp-content\/uploads\/2023\/12\/hp-LooLoo-Module5.jpeg\" alt=\"image\">\n\t\t\t\t\t\t \t<\/div>\n\t\t\t\t\t\t<\/div>\n\t\t\t\t\t<\/div><\/div><\/div><div class=\"deeper-fancy-image reveal  logo-contact lr \"   data-inviewport=\"yes\">\n\t\t\t\t\t\t\t<figure style=\"\"><a target=\"_blank\" href=\"\/pt-pt\/\"><img decoding=\"async\" alt=\"image\" src=\"https:\/\/www.looloo-services.com\/wp-content\/uploads\/2023\/12\/looloo-logo-footer2.webp\" \/><\/a> <\/figure>\n\t\t\t\t\t\t<\/div>[\/vc_column_inner][\/vc_row_inner][\/vc_column][\/vc_row]<\/p>\n<\/div>","protected":false},"excerpt":{"rendered":"<p>[vc_row full_width=&#8221;stretch_row&#8221; bg_custom=&#8221;row-full-screen&#8221; bg_direction=&#8221;to bottom&#8221; bg_color_one=&#8221;#222831&#8243; bg_color_two=&#8221;#ffffff&#8221; bg_color_percent=&#8221;100%&#8221; canvas=&#8221;%5B%7B%22shape%22%3A%22shape-1%22%2C%22image_effect%22%3A%22style-1%22%2C%22smoothness%22%3A%2230%22%7D%5D&#8221; el_id=&#8221;bloc-formulaire-page-contact&#8221; el_class=&#8221;bloc-formulaire-page-contact&#8221;][vc_column el_class=&#8221;colonne-bloc-formulaire-page-contact&#8221;][vc_row_inner el_class=&#8221;rangee-bloc-formulaire-page-contact&#8221; el_id=&#8221;rangee-bloc-formulaire-page-contact&#8221;][vc_column_inner el_class=&#8221;colonne-contact-form-page-contact&#8221; width=&#8221;7\/12&#8243; offset=&#8221;vc_col-lg-offset-0 vc_col-lg-7 vc_col-md-offset-0 vc_col-md-12&#8243;][vc_raw_js]JTNDc2NyaXB0JTIwY2hhcnNldCUzRCUyMnV0Zi04JTIyJTIwdHlwZSUzRCUyMnRleHQlMkZqYXZhc2NyaXB0JTIyJTIwc3JjJTNEJTIyJTJGJTJGanMtZXUxLmhzZm9ybXMubmV0JTJGZm9ybXMlMkZlbWJlZCUyRnYyLmpzJTIyJTNFJTNDJTJGc2NyaXB0JTNFJTBBJTBBJTNDc2NyaXB0JTNFJTBBJTBBJTIwJTIwaGJzcHQuZm9ybXMuY3JlYXRlJTI4JTdCJTBBJTBBJTIwJTIwJTIwJTIwcmVnaW9uJTNBJTIwJTIyZXUxJTIyJTJDJTBBJTBBJTIwJTIwJTIwJTIwcG9ydGFsSWQlM0ElMjAlMjIyNTgwOTA2NCUyMiUyQyUwQSUwQSUyMCUyMCUyMCUyMGZvcm1JZCUzQSUyMCUyMjQyN2VmNmQ0LTUxYjQtNDk3YS1hZGQxLTQ2OWE0Y2Y4MjA1MiUyMiUwQSUwQSUyMCUyMCU3RCUyOSUzQiUwQSUwQSUzQyUyRnNjcmlwdCUzRQ==[\/vc_raw_js][vc_column_text css=&#8221;.vc_custom_1715004363454{margin-top: 20px !important;}&#8221; el_class=&#8221;bloc-note-page-contact&#8221;] Os campos assinalados com um asterisco (*) s\u00e3o obrigat\u00f3rios. A LOOLOO compromete-se a garantir que a recolha e o tratamento dos teus dados, efectuados a partir<\/p>\n","protected":false},"author":1,"featured_media":0,"parent":0,"menu_order":0,"comment_status":"closed","ping_status":"closed","template":"","meta":{"footnotes":""},"categories":[],"tags":[],"class_list":["post-7333","page","type-page","status-publish","hentry"],"yoast_head":"<!-- This site is optimized with the Yoast SEO plugin v27.4 - https:\/\/yoast.com\/product\/yoast-seo-wordpress\/ -->\n<title>Contacte-nos : LooLoo Services<\/title>\n<meta name=\"robots\" content=\"index, follow, max-snippet:-1, max-image-preview:large, max-video-preview:-1\" \/>\n<link rel=\"canonical\" href=\"https:\/\/www.looloo-services.com\/pt-pt\/contacte-nos\/\" \/>\n<meta property=\"og:locale\" content=\"pt_PT\" \/>\n<meta property=\"og:type\" content=\"article\" \/>\n<meta property=\"og:title\" content=\"Contacte-nos : LooLoo Services\" \/>\n<meta property=\"og:description\" content=\"[vc_row full_width=&#8221;stretch_row&#8221; bg_custom=&#8221;row-full-screen&#8221; bg_direction=&#8221;to bottom&#8221; bg_color_one=&#8221;#222831&#8243; bg_color_two=&#8221;#ffffff&#8221; bg_color_percent=&#8221;100%&#8221; canvas=&#8221;%5B%7B%22shape%22%3A%22shape-1%22%2C%22image_effect%22%3A%22style-1%22%2C%22smoothness%22%3A%2230%22%7D%5D&#8221; el_id=&#8221;bloc-formulaire-page-contact&#8221; el_class=&#8221;bloc-formulaire-page-contact&#8221;][vc_column el_class=&#8221;colonne-bloc-formulaire-page-contact&#8221;][vc_row_inner el_class=&#8221;rangee-bloc-formulaire-page-contact&#8221; el_id=&#8221;rangee-bloc-formulaire-page-contact&#8221;][vc_column_inner el_class=&#8221;colonne-contact-form-page-contact&#8221; width=&#8221;7\/12&#8243; offset=&#8221;vc_col-lg-offset-0 vc_col-lg-7 vc_col-md-offset-0 vc_col-md-12&#8243;][vc_raw_js]JTNDc2NyaXB0JTIwY2hhcnNldCUzRCUyMnV0Zi04JTIyJTIwdHlwZSUzRCUyMnRleHQlMkZqYXZhc2NyaXB0JTIyJTIwc3JjJTNEJTIyJTJGJTJGanMtZXUxLmhzZm9ybXMubmV0JTJGZm9ybXMlMkZlbWJlZCUyRnYyLmpzJTIyJTNFJTNDJTJGc2NyaXB0JTNFJTBBJTBBJTNDc2NyaXB0JTNFJTBBJTBBJTIwJTIwaGJzcHQuZm9ybXMuY3JlYXRlJTI4JTdCJTBBJTBBJTIwJTIwJTIwJTIwcmVnaW9uJTNBJTIwJTIyZXUxJTIyJTJDJTBBJTBBJTIwJTIwJTIwJTIwcG9ydGFsSWQlM0ElMjAlMjIyNTgwOTA2NCUyMiUyQyUwQSUwQSUyMCUyMCUyMCUyMGZvcm1JZCUzQSUyMCUyMjQyN2VmNmQ0LTUxYjQtNDk3YS1hZGQxLTQ2OWE0Y2Y4MjA1MiUyMiUwQSUwQSUyMCUyMCU3RCUyOSUzQiUwQSUwQSUzQyUyRnNjcmlwdCUzRQ==[\/vc_raw_js][vc_column_text css=&#8221;.vc_custom_1715004363454{margin-top: 20px !important;}&#8221; el_class=&#8221;bloc-note-page-contact&#8221;] Os campos assinalados com um asterisco (*) s\u00e3o obrigat\u00f3rios. A LOOLOO compromete-se a garantir que a recolha e o tratamento dos teus dados, efectuados a partir\" \/>\n<meta property=\"og:url\" content=\"https:\/\/www.looloo-services.com\/pt-pt\/contacte-nos\/\" \/>\n<meta property=\"og:site_name\" content=\"LOOLOO SERVICES\" \/>\n<meta property=\"article:modified_time\" content=\"2024-05-07T12:40:50+00:00\" \/>\n<meta name=\"twitter:card\" content=\"summary_large_image\" \/>\n<meta name=\"twitter:label1\" content=\"Tempo estimado de leitura\" \/>\n\t<meta name=\"twitter:data1\" content=\"1 minuto\" \/>\n<script type=\"application\/ld+json\" class=\"yoast-schema-graph\">{\"@context\":\"https:\\\/\\\/schema.org\",\"@graph\":[{\"@type\":\"WebPage\",\"@id\":\"https:\\\/\\\/www.looloo-services.com\\\/pt-pt\\\/contacte-nos\\\/\",\"url\":\"https:\\\/\\\/www.looloo-services.com\\\/pt-pt\\\/contacte-nos\\\/\",\"name\":\"Contacte-nos : LooLoo Services\",\"isPartOf\":{\"@id\":\"https:\\\/\\\/www.looloo-services.com\\\/pt-pt\\\/#website\"},\"datePublished\":\"2023-12-22T16:04:58+00:00\",\"dateModified\":\"2024-05-07T12:40:50+00:00\",\"inLanguage\":\"pt-PT\",\"potentialAction\":[{\"@type\":\"ReadAction\",\"target\":[\"https:\\\/\\\/www.looloo-services.com\\\/pt-pt\\\/contacte-nos\\\/\"]}]},{\"@type\":\"WebSite\",\"@id\":\"https:\\\/\\\/www.looloo-services.com\\\/pt-pt\\\/#website\",\"url\":\"https:\\\/\\\/www.looloo-services.com\\\/pt-pt\\\/\",\"name\":\"LOOLOO SERVICES\",\"description\":\"\",\"publisher\":{\"@id\":\"https:\\\/\\\/www.looloo-services.com\\\/pt-pt\\\/#organization\"},\"potentialAction\":[{\"@type\":\"SearchAction\",\"target\":{\"@type\":\"EntryPoint\",\"urlTemplate\":\"https:\\\/\\\/www.looloo-services.com\\\/pt-pt\\\/?s={search_term_string}\"},\"query-input\":{\"@type\":\"PropertyValueSpecification\",\"valueRequired\":true,\"valueName\":\"search_term_string\"}}],\"inLanguage\":\"pt-PT\"},{\"@type\":\"Organization\",\"@id\":\"https:\\\/\\\/www.looloo-services.com\\\/pt-pt\\\/#organization\",\"name\":\"LOOLOO SERVICES\",\"url\":\"https:\\\/\\\/www.looloo-services.com\\\/pt-pt\\\/\",\"logo\":{\"@type\":\"ImageObject\",\"inLanguage\":\"pt-PT\",\"@id\":\"https:\\\/\\\/www.looloo-services.com\\\/pt-pt\\\/#\\\/schema\\\/logo\\\/image\\\/\",\"url\":\"\",\"contentUrl\":\"\",\"caption\":\"LOOLOO SERVICES\"},\"image\":{\"@id\":\"https:\\\/\\\/www.looloo-services.com\\\/pt-pt\\\/#\\\/schema\\\/logo\\\/image\\\/\"}}]}<\/script>\n<!-- \/ Yoast SEO plugin. -->","yoast_head_json":{"title":"Contacte-nos : LooLoo Services","robots":{"index":"index","follow":"follow","max-snippet":"max-snippet:-1","max-image-preview":"max-image-preview:large","max-video-preview":"max-video-preview:-1"},"canonical":"https:\/\/www.looloo-services.com\/pt-pt\/contacte-nos\/","og_locale":"pt_PT","og_type":"article","og_title":"Contacte-nos : LooLoo Services","og_description":"[vc_row full_width=&#8221;stretch_row&#8221; bg_custom=&#8221;row-full-screen&#8221; bg_direction=&#8221;to bottom&#8221; bg_color_one=&#8221;#222831&#8243; bg_color_two=&#8221;#ffffff&#8221; bg_color_percent=&#8221;100%&#8221; canvas=&#8221;%5B%7B%22shape%22%3A%22shape-1%22%2C%22image_effect%22%3A%22style-1%22%2C%22smoothness%22%3A%2230%22%7D%5D&#8221; el_id=&#8221;bloc-formulaire-page-contact&#8221; el_class=&#8221;bloc-formulaire-page-contact&#8221;][vc_column el_class=&#8221;colonne-bloc-formulaire-page-contact&#8221;][vc_row_inner el_class=&#8221;rangee-bloc-formulaire-page-contact&#8221; el_id=&#8221;rangee-bloc-formulaire-page-contact&#8221;][vc_column_inner el_class=&#8221;colonne-contact-form-page-contact&#8221; width=&#8221;7\/12&#8243; offset=&#8221;vc_col-lg-offset-0 vc_col-lg-7 vc_col-md-offset-0 vc_col-md-12&#8243;][vc_raw_js]JTNDc2NyaXB0JTIwY2hhcnNldCUzRCUyMnV0Zi04JTIyJTIwdHlwZSUzRCUyMnRleHQlMkZqYXZhc2NyaXB0JTIyJTIwc3JjJTNEJTIyJTJGJTJGanMtZXUxLmhzZm9ybXMubmV0JTJGZm9ybXMlMkZlbWJlZCUyRnYyLmpzJTIyJTNFJTNDJTJGc2NyaXB0JTNFJTBBJTBBJTNDc2NyaXB0JTNFJTBBJTBBJTIwJTIwaGJzcHQuZm9ybXMuY3JlYXRlJTI4JTdCJTBBJTBBJTIwJTIwJTIwJTIwcmVnaW9uJTNBJTIwJTIyZXUxJTIyJTJDJTBBJTBBJTIwJTIwJTIwJTIwcG9ydGFsSWQlM0ElMjAlMjIyNTgwOTA2NCUyMiUyQyUwQSUwQSUyMCUyMCUyMCUyMGZvcm1JZCUzQSUyMCUyMjQyN2VmNmQ0LTUxYjQtNDk3YS1hZGQxLTQ2OWE0Y2Y4MjA1MiUyMiUwQSUwQSUyMCUyMCU3RCUyOSUzQiUwQSUwQSUzQyUyRnNjcmlwdCUzRQ==[\/vc_raw_js][vc_column_text css=&#8221;.vc_custom_1715004363454{margin-top: 20px !important;}&#8221; el_class=&#8221;bloc-note-page-contact&#8221;] Os campos assinalados com um asterisco (*) s\u00e3o obrigat\u00f3rios. A LOOLOO compromete-se a garantir que a recolha e o tratamento dos teus dados, efectuados a partir","og_url":"https:\/\/www.looloo-services.com\/pt-pt\/contacte-nos\/","og_site_name":"LOOLOO SERVICES","article_modified_time":"2024-05-07T12:40:50+00:00","twitter_card":"summary_large_image","twitter_misc":{"Tempo estimado de leitura":"1 minuto"},"schema":{"@context":"https:\/\/schema.org","@graph":[{"@type":"WebPage","@id":"https:\/\/www.looloo-services.com\/pt-pt\/contacte-nos\/","url":"https:\/\/www.looloo-services.com\/pt-pt\/contacte-nos\/","name":"Contacte-nos : LooLoo Services","isPartOf":{"@id":"https:\/\/www.looloo-services.com\/pt-pt\/#website"},"datePublished":"2023-12-22T16:04:58+00:00","dateModified":"2024-05-07T12:40:50+00:00","inLanguage":"pt-PT","potentialAction":[{"@type":"ReadAction","target":["https:\/\/www.looloo-services.com\/pt-pt\/contacte-nos\/"]}]},{"@type":"WebSite","@id":"https:\/\/www.looloo-services.com\/pt-pt\/#website","url":"https:\/\/www.looloo-services.com\/pt-pt\/","name":"LOOLOO SERVICES","description":"","publisher":{"@id":"https:\/\/www.looloo-services.com\/pt-pt\/#organization"},"potentialAction":[{"@type":"SearchAction","target":{"@type":"EntryPoint","urlTemplate":"https:\/\/www.looloo-services.com\/pt-pt\/?s={search_term_string}"},"query-input":{"@type":"PropertyValueSpecification","valueRequired":true,"valueName":"search_term_string"}}],"inLanguage":"pt-PT"},{"@type":"Organization","@id":"https:\/\/www.looloo-services.com\/pt-pt\/#organization","name":"LOOLOO SERVICES","url":"https:\/\/www.looloo-services.com\/pt-pt\/","logo":{"@type":"ImageObject","inLanguage":"pt-PT","@id":"https:\/\/www.looloo-services.com\/pt-pt\/#\/schema\/logo\/image\/","url":"","contentUrl":"","caption":"LOOLOO SERVICES"},"image":{"@id":"https:\/\/www.looloo-services.com\/pt-pt\/#\/schema\/logo\/image\/"}}]}},"_links":{"self":[{"href":"https:\/\/www.looloo-services.com\/pt-pt\/wp-json\/wp\/v2\/pages\/7333","targetHints":{"allow":["GET"]}}],"collection":[{"href":"https:\/\/www.looloo-services.com\/pt-pt\/wp-json\/wp\/v2\/pages"}],"about":[{"href":"https:\/\/www.looloo-services.com\/pt-pt\/wp-json\/wp\/v2\/types\/page"}],"author":[{"embeddable":true,"href":"https:\/\/www.looloo-services.com\/pt-pt\/wp-json\/wp\/v2\/users\/1"}],"replies":[{"embeddable":true,"href":"https:\/\/www.looloo-services.com\/pt-pt\/wp-json\/wp\/v2\/comments?post=7333"}],"version-history":[{"count":10,"href":"https:\/\/www.looloo-services.com\/pt-pt\/wp-json\/wp\/v2\/pages\/7333\/revisions"}],"predecessor-version":[{"id":7361,"href":"https:\/\/www.looloo-services.com\/pt-pt\/wp-json\/wp\/v2\/pages\/7333\/revisions\/7361"}],"wp:attachment":[{"href":"https:\/\/www.looloo-services.com\/pt-pt\/wp-json\/wp\/v2\/media?parent=7333"}],"wp:term":[{"taxonomy":"category","embeddable":true,"href":"https:\/\/www.looloo-services.com\/pt-pt\/wp-json\/wp\/v2\/categories?post=7333"},{"taxonomy":"post_tag","embeddable":true,"href":"https:\/\/www.looloo-services.com\/pt-pt\/wp-json\/wp\/v2\/tags?post=7333"}],"curies":[{"name":"wp","href":"https:\/\/api.w.org\/{rel}","templated":true}]}}